{"id":395,"date":"2026-02-06T12:23:48","date_gmt":"2026-02-06T12:23:48","guid":{"rendered":"https:\/\/porta-agency.com\/?page_id=395"},"modified":"2026-02-06T12:35:03","modified_gmt":"2026-02-06T12:35:03","slug":"zgjidhje-profesionale-per-fuqine-punetore-ne-ndertim","status":"publish","type":"page","link":"https:\/\/porta-agency.com\/?page_id=395","title":{"rendered":"Pun\u00ebtore n\u00eb Nd\u00ebrtim"},"content":{"rendered":"\t\t<div data-elementor-type=\"wp-page\" data-elementor-id=\"395\" class=\"elementor elementor-395\">\n\t\t\t\t<div class=\"elementor-element elementor-element-7481de31 e-con-full e-flex e-con e-parent\" data-id=\"7481de31\" data-element_type=\"container\" data-e-type=\"container\">\n\t\t\t\t<div class=\"elementor-element elementor-element-3286447d animated-fast elementor-invisible elementor-widget elementor-widget-flex-hero\" data-id=\"3286447d\" data-element_type=\"widget\" data-e-type=\"widget\" data-settings=\"{&quot;layout_preset&quot;:&quot;storytelling&quot;,&quot;primary_button_shape&quot;:&quot;round&quot;,&quot;_animation&quot;:&quot;fadeIn&quot;,&quot;_animation_delay&quot;:&quot;100&quot;,&quot;image_shape&quot;:&quot;sharp&quot;,&quot;box_shape&quot;:&quot;sharp&quot;}\" data-widget_type=\"flex-hero.default\">\n\t\t\t\t<div class=\"elementor-widget-container\">\n\t\t\t\t\t\t\t<div class=\"has-shape-sharp shape-type-box ehp-flex-hero has-layout-preset-storytelling\">\n\t\t\t\t\t\t<div class=\"ehp-flex-hero__overlay\"><\/div>\n\t\t\t<div class=\"ehp-flex-hero__content-container\">\n\t\t\t\t<p class=\"ehp-flex-hero__intro\">\n<\/p><h2 class=\"ehp-flex-hero__heading\">Zgjidhje Profesionale<br> p\u00ebr Fuqin\u00eb Pun\u00ebtore n\u00eb Nd\u00ebrtim<\/h2><h3 class=\"ehp-flex-hero__subheading\">Me rritjen e volumit t\u00eb projekteve nd\u00ebrtimore dhe munges\u00ebn e fuqis\u00eb pun\u00ebtore t\u00eb kualifikuar n\u00eb tregun vendas, <br>sigurimi i nj\u00eb ekipi t\u00eb q\u00ebndruesh\u00ebm, t\u00eb disiplinuar dhe t\u00eb besuesh\u00ebm \u00ebsht\u00eb nj\u00eb nga sfidat kryesore p\u00ebr kompanit\u00eb e nd\u00ebrtimit n\u00eb Shqip\u00ebri.<\/h3>\t\t\t<div class=\"ehp-flex-hero__ctas-container\">\n\t\t\t\t\t\t\t\t\t\t\t<\/div>\n\t\t\t\t\t<\/div>\n\t\t\t\t<div class=\"ehp-flex-hero__image-wrapper\">\n\t\t\t\t\t<div class=\"ehp-image ehp-flex-hero__image-container\">\n\t\t\t\t<img decoding=\"async\" class=\"ehp-image__img ehp-flex-hero__img has-shape-sharp shape-type-image\" src=\"https:\/\/porta-agency.com\/wp-content\/uploads\/2026\/02\/Untitled-design-12.png\" title=\"Untitled design (12)\" alt=\"Untitled design (12)\" loading=\"lazy\" \/>\t\t\t<\/div>\n\t\t\t\t\t<\/div>\n\t\t\t\t<\/div>\n\t\t\t\t\t\t<\/div>\n\t\t\t\t<\/div>\n\t\t\t\t<\/div>\n\t\t<div class=\"elementor-element elementor-element-3e778e9c e-grid e-con-full animated-fast elementor-invisible e-con e-parent\" data-id=\"3e778e9c\" data-element_type=\"container\" data-e-type=\"container\" data-settings=\"{&quot;background_background&quot;:&quot;classic&quot;,&quot;animation&quot;:&quot;fadeIn&quot;,&quot;animation_delay&quot;:&quot;400&quot;}\">\n\t\t\t\t<div class=\"elementor-element elementor-element-1158764e elementor-hidden-mobile elementor-widget elementor-widget-image\" data-id=\"1158764e\" data-element_type=\"widget\" data-e-type=\"widget\" data-widget_type=\"image.default\">\n\t\t\t\t\t\t\t\t\t\t\t\t\t\t\t<img fetchpriority=\"high\" decoding=\"async\" width=\"683\" height=\"1024\" src=\"https:\/\/porta-agency.com\/wp-content\/uploads\/2026\/02\/diriving-heave-683x1024.png\" class=\"attachment-large size-large wp-image-406\" alt=\"\" srcset=\"https:\/\/porta-agency.com\/wp-content\/uploads\/2026\/02\/diriving-heave-683x1024.png 683w, https:\/\/porta-agency.com\/wp-content\/uploads\/2026\/02\/diriving-heave-200x300.png 200w, https:\/\/porta-agency.com\/wp-content\/uploads\/2026\/02\/diriving-heave-768x1152.png 768w, https:\/\/porta-agency.com\/wp-content\/uploads\/2026\/02\/diriving-heave.png 1024w\" sizes=\"(max-width: 683px) 100vw, 683px\" \/>\t\t\t\t\t\t\t\t\t\t\t\t\t\t\t<\/div>\n\t\t<div class=\"elementor-element elementor-element-35e2c100 e-flex e-con-boxed e-con e-child\" data-id=\"35e2c100\" data-element_type=\"container\" data-e-type=\"container\">\n\t\t\t\t\t<div class=\"e-con-inner\">\n\t\t\t\t<div class=\"elementor-element elementor-element-782d36df elementor-widget elementor-widget-heading\" data-id=\"782d36df\" data-element_type=\"widget\" data-e-type=\"widget\" data-widget_type=\"heading.default\">\n\t\t\t\t\t<h3 class=\"elementor-heading-title elementor-size-default\">Kush jemi ne?<\/h3>\t\t\t\t<\/div>\n\t\t\t\t<div class=\"elementor-element elementor-element-7740631b elementor-widget elementor-widget-text-editor\" data-id=\"7740631b\" data-element_type=\"widget\" data-e-type=\"widget\" data-widget_type=\"text-editor.default\">\n\t\t\t\t\t\t\t\t\t<div class=\"flex flex-col text-sm pb-25\"><article class=\"text-token-text-primary w-full focus:outline-none [--shadow-height:45px] has-data-writing-block:pointer-events-none has-data-writing-block:-mt-(--shadow-height) has-data-writing-block:pt-(--shadow-height) [&amp;:has([data-writing-block])&gt;*]:pointer-events-auto scroll-mt-[calc(var(--header-height)+min(200px,max(70px,20svh)))]\" dir=\"auto\" tabindex=\"-1\" data-turn-id=\"9679218b-8074-4ac1-a107-6c7e1e99a909\" data-testid=\"conversation-turn-104\" data-scroll-anchor=\"true\" data-turn=\"assistant\">\n<div class=\"text-base my-auto mx-auto pb-10 [--thread-content-margin:--spacing(4)] @w-sm\/main:[--thread-content-margin:--spacing(6)] @w-lg\/main:[--thread-content-margin:--spacing(16)] px-(--thread-content-margin)\">\n<div class=\"[--thread-content-max-width:40rem] @w-lg\/main:[--thread-content-max-width:48rem] mx-auto max-w-(--thread-content-max-width) flex-1 group\/turn-messages focus-visible:outline-hidden relative flex w-full min-w-0 flex-col agent-turn\" tabindex=\"-1\">\n<div class=\"flex max-w-full flex-col grow\">\n<div class=\"min-h-8 text-message relative flex w-full flex-col items-end gap-2 text-start break-words whitespace-normal [.text-message+&amp;]:mt-1\" dir=\"auto\" data-message-author-role=\"assistant\" data-message-id=\"8767088e-5f82-40ac-914a-a050bb3397b5\" data-message-model-slug=\"gpt-5-2\">\n<div class=\"flex w-full flex-col gap-1 empty:hidden first:pt-[1px]\">\n<div class=\"markdown prose dark:prose-invert w-full wrap-break-word light markdown-new-styling\">\n<p data-start=\"0\" data-end=\"317\">Porta Agency, e specializuar n\u00eb rekrutimin nd\u00ebrkomb\u00ebtar, ju ofron zgjidhjen ideale p\u00ebrmes bashk\u00ebpunimit ton\u00eb strategjik me agjenci lider n\u00eb Filipine. Ne sjellim n\u00eb Shqip\u00ebri dhe Kosov\u00eb punonj\u00ebs me etik\u00eb t\u00eb lart\u00eb pune dhe p\u00ebrvoj\u00eb nd\u00ebrkomb\u00ebtare p\u00ebr k\u00ebto pozicione:<br><br>\n\u2022 Pun\u00ebtor\u00eb nd\u00ebrtimi \u2013 punime t\u00eb p\u00ebrgjithshme, nd\u00ebrtim, montim &amp; demolim<br><br>\n\u2022 Murator\u00eb &amp; betonier\u00eb \u2013 struktura, mure, betonim dhe rifinitura<br><br>\n\u2022 Armator\u00eb &amp; saldator\u00eb \u2013 struktura metalike dhe betonarme<br><br>\n\u2022 Elektricist\u00eb &amp; hidraulik\u00eb nd\u00ebrtimi \u2013 instalime elektrike dhe sanitare<br><br>\n\u2022 Operator\u00eb makinerish t\u00eb r\u00ebnda \u2013 eskavator, buldozer, vin\u00e7, forklift<br><br>\n\u2022 Teknik\u00eb mir\u00ebmbajtjeje \u2013 pajisje, makineri dhe ambiente nd\u00ebrtimi<br><br>\n\u2022 Pastrim &amp; mir\u00ebmbajtje kantieri \u2013 rend, siguri dhe organizim n\u00eb terren<\/p>\n\n<\/div>\n<\/div>\n<\/div>\n<\/div>\n<\/div>\n<\/div>\n<\/article><\/div>\t\t\t\t\t\t\t\t<\/div>\n\t\t\t\t\t<\/div>\n\t\t\t\t<\/div>\n\t\t\t\t<\/div>\n\t\t\t\t<\/div>\n\t\t","protected":false},"excerpt":{"rendered":"<p>Zgjidhje Profesionale p\u00ebr Fuqin\u00eb Pun\u00ebtore n\u00eb Nd\u00ebrtim Me rritjen e volumit t\u00eb projekteve nd\u00ebrtimore dhe munges\u00ebn e fuqis\u00eb pun\u00ebtore t\u00eb kualifikuar n\u00eb tregun vendas, sigurimi i nj\u00eb ekipi t\u00eb q\u00ebndruesh\u00ebm, t\u00eb disiplinuar dhe t\u00eb besuesh\u00ebm \u00ebsht\u00eb nj\u00eb nga sfidat kryesore p\u00ebr kompanit\u00eb e nd\u00ebrtimit n\u00eb Shqip\u00ebri. Kush jemi ne? Porta Agency, e specializuar n\u00eb rekrutimin [&hellip;]<\/p>\n","protected":false},"author":1,"featured_media":0,"parent":0,"menu_order":0,"comment_status":"closed","ping_status":"closed","template":"","meta":{"footnotes":""},"class_list":["post-395","page","type-page","status-publish","hentry"],"_links":{"self":[{"href":"https:\/\/porta-agency.com\/index.php?rest_route=\/wp\/v2\/pages\/395","targetHints":{"allow":["GET"]}}],"collection":[{"href":"https:\/\/porta-agency.com\/index.php?rest_route=\/wp\/v2\/pages"}],"about":[{"href":"https:\/\/porta-agency.com\/index.php?rest_route=\/wp\/v2\/types\/page"}],"author":[{"embeddable":true,"href":"https:\/\/porta-agency.com\/index.php?rest_route=\/wp\/v2\/users\/1"}],"replies":[{"embeddable":true,"href":"https:\/\/porta-agency.com\/index.php?rest_route=%2Fwp%2Fv2%2Fcomments&post=395"}],"version-history":[{"count":18,"href":"https:\/\/porta-agency.com\/index.php?rest_route=\/wp\/v2\/pages\/395\/revisions"}],"predecessor-version":[{"id":420,"href":"https:\/\/porta-agency.com\/index.php?rest_route=\/wp\/v2\/pages\/395\/revisions\/420"}],"wp:attachment":[{"href":"https:\/\/porta-agency.com\/index.php?rest_route=%2Fwp%2Fv2%2Fmedia&parent=395"}],"curies":[{"name":"wp","href":"https:\/\/api.w.org\/{rel}","templated":true}]}}