{"id":358,"date":"2026-02-04T10:07:43","date_gmt":"2026-02-04T10:07:43","guid":{"rendered":"https:\/\/porta-agency.com\/?page_id=358"},"modified":"2026-02-04T10:40:38","modified_gmt":"2026-02-04T10:40:38","slug":"fermere-bujqesi","status":"publish","type":"page","link":"https:\/\/porta-agency.com\/?page_id=358","title":{"rendered":"Fermer\u00eb &#038; Bujq\u00ebsi"},"content":{"rendered":"\t\t<div data-elementor-type=\"wp-page\" data-elementor-id=\"358\" class=\"elementor elementor-358\">\n\t\t\t\t<div class=\"elementor-element elementor-element-438ddf23 e-con-full e-flex e-con e-parent\" data-id=\"438ddf23\" data-element_type=\"container\" data-e-type=\"container\">\n\t\t\t\t<div class=\"elementor-element elementor-element-2a98659b animated-fast elementor-invisible elementor-widget elementor-widget-flex-hero\" data-id=\"2a98659b\" data-element_type=\"widget\" data-e-type=\"widget\" data-settings=\"{&quot;layout_preset&quot;:&quot;storytelling&quot;,&quot;primary_button_shape&quot;:&quot;round&quot;,&quot;_animation&quot;:&quot;fadeIn&quot;,&quot;_animation_delay&quot;:&quot;100&quot;,&quot;image_shape&quot;:&quot;sharp&quot;,&quot;box_shape&quot;:&quot;sharp&quot;}\" data-widget_type=\"flex-hero.default\">\n\t\t\t\t<div class=\"elementor-widget-container\">\n\t\t\t\t\t\t\t<div class=\"has-shape-sharp shape-type-box ehp-flex-hero has-layout-preset-storytelling\">\n\t\t\t\t\t\t<div class=\"ehp-flex-hero__overlay\"><\/div>\n\t\t\t<div class=\"ehp-flex-hero__content-container\">\n\t\t\t\t<p class=\"ehp-flex-hero__intro\">\n<\/p><h2 class=\"ehp-flex-hero__heading\">Fermer\u00eb &amp; Bujq\u00ebsi<\/h2><h3 class=\"ehp-flex-hero__subheading\">Optimizoni rendimentin e prodhimit bujq\u00ebsor <br>me nj\u00eb forc\u00eb pune t\u00eb palodhur, e cila i p\u00ebrgjigjet n\u00eb koh\u00eb <br>dhe me sakt\u00ebsi sfidave t\u00eb \u00e7do sezoni.<\/h3>\t\t\t<div class=\"ehp-flex-hero__ctas-container\">\n\t\t\t\t\t\t\t\t\t\t\t<\/div>\n\t\t\t\t\t<\/div>\n\t\t\t\t<div class=\"ehp-flex-hero__image-wrapper\">\n\t\t\t\t\t<div class=\"ehp-image ehp-flex-hero__image-container\">\n\t\t\t\t<img decoding=\"async\" class=\"ehp-image__img ehp-flex-hero__img has-shape-sharp shape-type-image\" src=\"https:\/\/porta-agency.com\/wp-content\/uploads\/2026\/02\/Untitled-design-2026-02-04T113948.393.jpg\" title=\"Untitled design &#8211; 2026-02-04T113948.393\" alt=\"Untitled design - 2026-02-04T113948.393\" loading=\"lazy\" \/>\t\t\t<\/div>\n\t\t\t\t\t<\/div>\n\t\t\t\t<\/div>\n\t\t\t\t\t\t<\/div>\n\t\t\t\t<\/div>\n\t\t\t\t<\/div>\n\t\t<div class=\"elementor-element elementor-element-362d0814 e-grid e-con-full animated-fast elementor-invisible e-con e-parent\" data-id=\"362d0814\" data-element_type=\"container\" data-e-type=\"container\" data-settings=\"{&quot;background_background&quot;:&quot;classic&quot;,&quot;animation&quot;:&quot;fadeIn&quot;,&quot;animation_delay&quot;:&quot;400&quot;}\">\n\t\t\t\t<div class=\"elementor-element elementor-element-c59ef2d elementor-hidden-mobile elementor-widget elementor-widget-image\" data-id=\"c59ef2d\" data-element_type=\"widget\" data-e-type=\"widget\" data-widget_type=\"image.default\">\n\t\t\t\t\t\t\t\t\t\t\t\t\t\t\t<img fetchpriority=\"high\" decoding=\"async\" width=\"800\" height=\"800\" src=\"https:\/\/porta-agency.com\/wp-content\/uploads\/2026\/01\/porta_agency_nnn.jpg\" class=\"attachment-large size-large wp-image-187\" alt=\"\" srcset=\"https:\/\/porta-agency.com\/wp-content\/uploads\/2026\/01\/porta_agency_nnn.jpg 1000w, https:\/\/porta-agency.com\/wp-content\/uploads\/2026\/01\/porta_agency_nnn-300x300.jpg 300w, https:\/\/porta-agency.com\/wp-content\/uploads\/2026\/01\/porta_agency_nnn-150x150.jpg 150w, https:\/\/porta-agency.com\/wp-content\/uploads\/2026\/01\/porta_agency_nnn-768x768.jpg 768w\" sizes=\"(max-width: 800px) 100vw, 800px\" \/>\t\t\t\t\t\t\t\t\t\t\t\t\t\t\t<\/div>\n\t\t<div class=\"elementor-element elementor-element-3036e273 e-flex e-con-boxed e-con e-child\" data-id=\"3036e273\" data-element_type=\"container\" data-e-type=\"container\">\n\t\t\t\t\t<div class=\"e-con-inner\">\n\t\t\t\t<div class=\"elementor-element elementor-element-2106c2da elementor-widget elementor-widget-heading\" data-id=\"2106c2da\" data-element_type=\"widget\" data-e-type=\"widget\" data-widget_type=\"heading.default\">\n\t\t\t\t\t<h3 class=\"elementor-heading-title elementor-size-default\">Blektori dhe Bujq\u00ebsi<\/h3>\t\t\t\t<\/div>\n\t\t\t\t<div class=\"elementor-element elementor-element-172e89f8 elementor-widget elementor-widget-text-editor\" data-id=\"172e89f8\" data-element_type=\"widget\" data-e-type=\"widget\" data-widget_type=\"text-editor.default\">\n\t\t\t\t\t\t\t\t\t<div class=\"flex flex-col text-sm pb-25\"><article class=\"text-token-text-primary w-full focus:outline-none [--shadow-height:45px] has-data-writing-block:pointer-events-none has-data-writing-block:-mt-(--shadow-height) has-data-writing-block:pt-(--shadow-height) [&amp;:has([data-writing-block])&gt;*]:pointer-events-auto scroll-mt-[calc(var(--header-height)+min(200px,max(70px,20svh)))]\" dir=\"auto\" tabindex=\"-1\" data-turn-id=\"9679218b-8074-4ac1-a107-6c7e1e99a909\" data-testid=\"conversation-turn-104\" data-scroll-anchor=\"true\" data-turn=\"assistant\"><div class=\"text-base my-auto mx-auto pb-10 [--thread-content-margin:--spacing(4)] @w-sm\/main:[--thread-content-margin:--spacing(6)] @w-lg\/main:[--thread-content-margin:--spacing(16)] px-(--thread-content-margin)\"><div class=\"[--thread-content-max-width:40rem] @w-lg\/main:[--thread-content-max-width:48rem] mx-auto max-w-(--thread-content-max-width) flex-1 group\/turn-messages focus-visible:outline-hidden relative flex w-full min-w-0 flex-col agent-turn\" tabindex=\"-1\"><div class=\"flex max-w-full flex-col grow\"><div class=\"min-h-8 text-message relative flex w-full flex-col items-end gap-2 text-start break-words whitespace-normal [.text-message+&amp;]:mt-1\" dir=\"auto\" data-message-author-role=\"assistant\" data-message-id=\"8767088e-5f82-40ac-914a-a050bb3397b5\" data-message-model-slug=\"gpt-5-2\"><div class=\"flex w-full flex-col gap-1 empty:hidden first:pt-[1px]\"><div class=\"markdown prose dark:prose-invert w-full wrap-break-word light markdown-new-styling\"><p>Zgjidhjet tona t\u00eb pun\u00ebsimit mbulojn\u00eb profile si <strong>pun\u00ebtor\u00eb serre<\/strong>, <strong>specialist\u00eb n\u00eb blegtori<\/strong>, <strong>punonj\u00ebs p\u00ebr korrje dhe p\u00ebrpunim prodhimesh<\/strong>, t\u00eb cil\u00ebt dallohen p\u00ebr q\u00ebndrueshm\u00ebrin\u00eb e tyre gjat\u00eb cikleve t\u00eb gjata sezonale.<\/p><p>Ju sigurojm\u00eb vazhdim\u00ebsi n\u00eb aktivitetin tuaj, p\u00ebrmes punonj\u00ebsve t\u00eb p\u00ebrkushtuar q\u00eb garantojn\u00eb mbrojtjen e investimit tuaj dhe vjeljen e prodhimit n\u00eb koh\u00ebn e duhur.<\/p><\/div><\/div><\/div><\/div><\/div><\/div><\/article><\/div>\t\t\t\t\t\t\t\t<\/div>\n\t\t\t\t\t<\/div>\n\t\t\t\t<\/div>\n\t\t\t\t<div class=\"elementor-element elementor-element-5846daf4 elementor-widget elementor-widget-image\" data-id=\"5846daf4\" data-element_type=\"widget\" data-e-type=\"widget\" data-widget_type=\"image.default\">\n\t\t\t\t\t\t\t\t\t\t\t\t\t\t\t<img decoding=\"async\" width=\"800\" height=\"800\" src=\"https:\/\/porta-agency.com\/wp-content\/uploads\/2026\/01\/porta_agency_c.jpg\" class=\"attachment-large size-large wp-image-169\" alt=\"\" srcset=\"https:\/\/porta-agency.com\/wp-content\/uploads\/2026\/01\/porta_agency_c.jpg 1000w, https:\/\/porta-agency.com\/wp-content\/uploads\/2026\/01\/porta_agency_c-300x300.jpg 300w, https:\/\/porta-agency.com\/wp-content\/uploads\/2026\/01\/porta_agency_c-150x150.jpg 150w, https:\/\/porta-agency.com\/wp-content\/uploads\/2026\/01\/porta_agency_c-768x768.jpg 768w\" sizes=\"(max-width: 800px) 100vw, 800px\" \/>\t\t\t\t\t\t\t\t\t\t\t\t\t\t\t<\/div>\n\t\t\t\t<div class=\"elementor-element elementor-element-51a900c2 e-transform animated-fast elementor-invisible elementor-widget elementor-widget-image\" data-id=\"51a900c2\" data-element_type=\"widget\" data-e-type=\"widget\" data-settings=\"{&quot;_transform_flipX_effect&quot;:&quot;transform&quot;,&quot;_animation&quot;:&quot;fadeIn&quot;}\" data-widget_type=\"image.default\">\n\t\t\t\t\t\t\t\t\t\t\t\t\t\t\t<img decoding=\"async\" width=\"800\" height=\"440\" src=\"https:\/\/porta-agency.com\/wp-content\/uploads\/2026\/01\/porta_agency_v-1024x563.jpg\" class=\"attachment-large size-large wp-image-178\" alt=\"\" srcset=\"https:\/\/porta-agency.com\/wp-content\/uploads\/2026\/01\/porta_agency_v-1024x563.jpg 1024w, https:\/\/porta-agency.com\/wp-content\/uploads\/2026\/01\/porta_agency_v-300x165.jpg 300w, https:\/\/porta-agency.com\/wp-content\/uploads\/2026\/01\/porta_agency_v-768x422.jpg 768w, https:\/\/porta-agency.com\/wp-content\/uploads\/2026\/01\/porta_agency_v-1536x845.jpg 1536w, https:\/\/porta-agency.com\/wp-content\/uploads\/2026\/01\/porta_agency_v.jpg 2000w\" sizes=\"(max-width: 800px) 100vw, 800px\" \/>\t\t\t\t\t\t\t\t\t\t\t\t\t\t\t<\/div>\n\t\t\t\t<\/div>\n\t\t\t\t<\/div>\n\t\t","protected":false},"excerpt":{"rendered":"<p>Fermer\u00eb &amp; Bujq\u00ebsi Optimizoni rendimentin e prodhimit bujq\u00ebsor me nj\u00eb forc\u00eb pune t\u00eb palodhur, e cila i p\u00ebrgjigjet n\u00eb koh\u00eb dhe me sakt\u00ebsi sfidave t\u00eb \u00e7do sezoni. Blektori dhe Bujq\u00ebsi Zgjidhjet tona t\u00eb pun\u00ebsimit mbulojn\u00eb profile si pun\u00ebtor\u00eb serre, specialist\u00eb n\u00eb blegtori, punonj\u00ebs p\u00ebr korrje dhe p\u00ebrpunim prodhimesh, t\u00eb cil\u00ebt dallohen p\u00ebr q\u00ebndrueshm\u00ebrin\u00eb e tyre [&hellip;]<\/p>\n","protected":false},"author":1,"featured_media":0,"parent":0,"menu_order":0,"comment_status":"closed","ping_status":"closed","template":"","meta":{"footnotes":""},"class_list":["post-358","page","type-page","status-publish","hentry"],"_links":{"self":[{"href":"https:\/\/porta-agency.com\/index.php?rest_route=\/wp\/v2\/pages\/358","targetHints":{"allow":["GET"]}}],"collection":[{"href":"https:\/\/porta-agency.com\/index.php?rest_route=\/wp\/v2\/pages"}],"about":[{"href":"https:\/\/porta-agency.com\/index.php?rest_route=\/wp\/v2\/types\/page"}],"author":[{"embeddable":true,"href":"https:\/\/porta-agency.com\/index.php?rest_route=\/wp\/v2\/users\/1"}],"replies":[{"embeddable":true,"href":"https:\/\/porta-agency.com\/index.php?rest_route=%2Fwp%2Fv2%2Fcomments&post=358"}],"version-history":[{"count":7,"href":"https:\/\/porta-agency.com\/index.php?rest_route=\/wp\/v2\/pages\/358\/revisions"}],"predecessor-version":[{"id":384,"href":"https:\/\/porta-agency.com\/index.php?rest_route=\/wp\/v2\/pages\/358\/revisions\/384"}],"wp:attachment":[{"href":"https:\/\/porta-agency.com\/index.php?rest_route=%2Fwp%2Fv2%2Fmedia&parent=358"}],"curies":[{"name":"wp","href":"https:\/\/api.w.org\/{rel}","templated":true}]}}