{"id":348,"date":"2026-02-04T09:57:24","date_gmt":"2026-02-04T09:57:24","guid":{"rendered":"https:\/\/porta-agency.com\/?page_id=348"},"modified":"2026-02-04T10:42:53","modified_gmt":"2026-02-04T10:42:53","slug":"elementor-page-348","status":"publish","type":"page","link":"https:\/\/porta-agency.com\/?page_id=348","title":{"rendered":"Korporata &#038; Zyra"},"content":{"rendered":"\t\t<div data-elementor-type=\"wp-page\" data-elementor-id=\"348\" class=\"elementor elementor-348\">\n\t\t\t\t<div class=\"elementor-element elementor-element-1c655853 e-con-full e-flex e-con e-parent\" data-id=\"1c655853\" data-element_type=\"container\" data-e-type=\"container\">\n\t\t\t\t<div class=\"elementor-element elementor-element-be6c02e animated-fast elementor-invisible elementor-widget elementor-widget-flex-hero\" data-id=\"be6c02e\" data-element_type=\"widget\" data-e-type=\"widget\" data-settings=\"{&quot;layout_preset&quot;:&quot;storytelling&quot;,&quot;primary_button_shape&quot;:&quot;round&quot;,&quot;_animation&quot;:&quot;fadeIn&quot;,&quot;_animation_delay&quot;:&quot;100&quot;,&quot;image_shape&quot;:&quot;sharp&quot;,&quot;box_shape&quot;:&quot;sharp&quot;}\" data-widget_type=\"flex-hero.default\">\n\t\t\t\t<div class=\"elementor-widget-container\">\n\t\t\t\t\t\t\t<div class=\"has-shape-sharp shape-type-box ehp-flex-hero has-layout-preset-storytelling\">\n\t\t\t\t\t\t<div class=\"ehp-flex-hero__overlay\"><\/div>\n\t\t\t<div class=\"ehp-flex-hero__content-container\">\n\t\t\t\t<p class=\"ehp-flex-hero__intro\">\n<\/p><h2 class=\"ehp-flex-hero__heading\">Korporata &amp; Zyra<\/h2><h3 class=\"ehp-flex-hero__subheading\">Siguroni mjedise t\u00eb pastra dhe profesionale p\u00ebr biznesin tuaj <br>p\u00ebrmes nj\u00eb force pune t\u00eb p\u00ebrkushtuar, <br>q\u00eb do ju b\u00ebj\u00eb t\u00eb harroni stresin e menaxhimit t\u00eb p\u00ebrditsh\u00ebm.<\/h3>\t\t\t<div class=\"ehp-flex-hero__ctas-container\">\n\t\t\t\t\t\t\t\t\t\t\t<\/div>\n\t\t\t\t\t<\/div>\n\t\t\t\t<div class=\"ehp-flex-hero__image-wrapper\">\n\t\t\t\t\t<div class=\"ehp-image ehp-flex-hero__image-container\">\n\t\t\t\t<img decoding=\"async\" class=\"ehp-image__img ehp-flex-hero__img has-shape-sharp shape-type-image\" src=\"https:\/\/porta-agency.com\/wp-content\/uploads\/2026\/02\/Untitled-design-2026-02-04T114224.062.jpg\" title=\"Untitled design &#8211; 2026-02-04T114224.062\" alt=\"Untitled design - 2026-02-04T114224.062\" loading=\"lazy\" \/>\t\t\t<\/div>\n\t\t\t\t\t<\/div>\n\t\t\t\t<\/div>\n\t\t\t\t\t\t<\/div>\n\t\t\t\t<\/div>\n\t\t\t\t<\/div>\n\t\t<div class=\"elementor-element elementor-element-125d60ba e-grid e-con-full animated-fast elementor-invisible e-con e-parent\" data-id=\"125d60ba\" data-element_type=\"container\" data-e-type=\"container\" data-settings=\"{&quot;background_background&quot;:&quot;classic&quot;,&quot;animation&quot;:&quot;fadeIn&quot;,&quot;animation_delay&quot;:&quot;400&quot;}\">\n\t\t\t\t<div class=\"elementor-element elementor-element-4bee1042 elementor-hidden-mobile elementor-widget elementor-widget-image\" data-id=\"4bee1042\" data-element_type=\"widget\" data-e-type=\"widget\" data-widget_type=\"image.default\">\n\t\t\t\t\t\t\t\t\t\t\t\t\t\t\t<img fetchpriority=\"high\" decoding=\"async\" width=\"800\" height=\"800\" src=\"https:\/\/porta-agency.com\/wp-content\/uploads\/2026\/01\/porta_agency_nnn.jpg\" class=\"attachment-large size-large wp-image-187\" alt=\"\" srcset=\"https:\/\/porta-agency.com\/wp-content\/uploads\/2026\/01\/porta_agency_nnn.jpg 1000w, https:\/\/porta-agency.com\/wp-content\/uploads\/2026\/01\/porta_agency_nnn-300x300.jpg 300w, https:\/\/porta-agency.com\/wp-content\/uploads\/2026\/01\/porta_agency_nnn-150x150.jpg 150w, https:\/\/porta-agency.com\/wp-content\/uploads\/2026\/01\/porta_agency_nnn-768x768.jpg 768w\" sizes=\"(max-width: 800px) 100vw, 800px\" \/>\t\t\t\t\t\t\t\t\t\t\t\t\t\t\t<\/div>\n\t\t<div class=\"elementor-element elementor-element-7fe0ae6a e-flex e-con-boxed e-con e-child\" data-id=\"7fe0ae6a\" data-element_type=\"container\" data-e-type=\"container\">\n\t\t\t\t\t<div class=\"e-con-inner\">\n\t\t\t\t<div class=\"elementor-element elementor-element-5012c557 elementor-widget elementor-widget-heading\" data-id=\"5012c557\" data-element_type=\"widget\" data-e-type=\"widget\" data-widget_type=\"heading.default\">\n\t\t\t\t\t<h3 class=\"elementor-heading-title elementor-size-default\">Staf Pastrimi dhe Staf Sh\u00ebrbimi<\/h3>\t\t\t\t<\/div>\n\t\t\t\t<div class=\"elementor-element elementor-element-252dcbd elementor-widget elementor-widget-text-editor\" data-id=\"252dcbd\" data-element_type=\"widget\" data-e-type=\"widget\" data-widget_type=\"text-editor.default\">\n\t\t\t\t\t\t\t\t\t<div class=\"flex flex-col text-sm pb-25\"><article class=\"text-token-text-primary w-full focus:outline-none [--shadow-height:45px] has-data-writing-block:pointer-events-none has-data-writing-block:-mt-(--shadow-height) has-data-writing-block:pt-(--shadow-height) [&amp;:has([data-writing-block])&gt;*]:pointer-events-auto scroll-mt-[calc(var(--header-height)+min(200px,max(70px,20svh)))]\" dir=\"auto\" tabindex=\"-1\" data-turn-id=\"9679218b-8074-4ac1-a107-6c7e1e99a909\" data-testid=\"conversation-turn-104\" data-scroll-anchor=\"true\" data-turn=\"assistant\"><div class=\"text-base my-auto mx-auto pb-10 [--thread-content-margin:--spacing(4)] @w-sm\/main:[--thread-content-margin:--spacing(6)] @w-lg\/main:[--thread-content-margin:--spacing(16)] px-(--thread-content-margin)\"><div class=\"[--thread-content-max-width:40rem] @w-lg\/main:[--thread-content-max-width:48rem] mx-auto max-w-(--thread-content-max-width) flex-1 group\/turn-messages focus-visible:outline-hidden relative flex w-full min-w-0 flex-col agent-turn\" tabindex=\"-1\"><div class=\"flex max-w-full flex-col grow\"><div class=\"min-h-8 text-message relative flex w-full flex-col items-end gap-2 text-start break-words whitespace-normal [.text-message+&amp;]:mt-1\" dir=\"auto\" data-message-author-role=\"assistant\" data-message-id=\"8767088e-5f82-40ac-914a-a050bb3397b5\" data-message-model-slug=\"gpt-5-2\"><div class=\"flex w-full flex-col gap-1 empty:hidden first:pt-[1px]\"><div class=\"markdown prose dark:prose-invert w-full wrap-break-word light markdown-new-styling\"><p>P\u00ebrzgjedhja jon\u00eb p\u00ebrfshin <strong>staf pastrimi<\/strong> dhe <strong>staf sh\u00ebrbimi<\/strong> dhe asistent\u00eb administrativ\u00eb, t\u00eb cil\u00ebt dallohen p\u00ebr disiplin\u00ebn, etik\u00ebn e lart\u00eb n\u00eb pun\u00eb dhe korrekt\u00ebsin\u00eb e tyre n\u00eb \u00e7do detyr\u00eb.<\/p><p data-start=\"0\" data-end=\"317\">Nj\u00eb ambient pune i organizuar mire ndihmon n\u00eb rritjen e produktivitetit t\u00eb stafit dhe p\u00ebr\u00e7on nj\u00eb imazh serioz te \u00e7do vizitor apo partner biznesi<\/p><\/div><\/div><\/div><\/div><\/div><\/div><\/article><\/div>\t\t\t\t\t\t\t\t<\/div>\n\t\t\t\t\t<\/div>\n\t\t\t\t<\/div>\n\t\t\t\t<div class=\"elementor-element elementor-element-671e3e4d elementor-widget elementor-widget-image\" data-id=\"671e3e4d\" data-element_type=\"widget\" data-e-type=\"widget\" data-widget_type=\"image.default\">\n\t\t\t\t\t\t\t\t\t\t\t\t\t\t\t<img decoding=\"async\" width=\"800\" height=\"800\" src=\"https:\/\/porta-agency.com\/wp-content\/uploads\/2026\/01\/porta_agency_c.jpg\" class=\"attachment-large size-large wp-image-169\" alt=\"\" srcset=\"https:\/\/porta-agency.com\/wp-content\/uploads\/2026\/01\/porta_agency_c.jpg 1000w, https:\/\/porta-agency.com\/wp-content\/uploads\/2026\/01\/porta_agency_c-300x300.jpg 300w, https:\/\/porta-agency.com\/wp-content\/uploads\/2026\/01\/porta_agency_c-150x150.jpg 150w, https:\/\/porta-agency.com\/wp-content\/uploads\/2026\/01\/porta_agency_c-768x768.jpg 768w\" sizes=\"(max-width: 800px) 100vw, 800px\" \/>\t\t\t\t\t\t\t\t\t\t\t\t\t\t\t<\/div>\n\t\t\t\t<div class=\"elementor-element elementor-element-3ba39ee9 e-transform animated-fast elementor-invisible elementor-widget elementor-widget-image\" data-id=\"3ba39ee9\" data-element_type=\"widget\" data-e-type=\"widget\" data-settings=\"{&quot;_transform_flipX_effect&quot;:&quot;transform&quot;,&quot;_animation&quot;:&quot;fadeIn&quot;}\" data-widget_type=\"image.default\">\n\t\t\t\t\t\t\t\t\t\t\t\t\t\t\t<img decoding=\"async\" width=\"800\" height=\"440\" src=\"https:\/\/porta-agency.com\/wp-content\/uploads\/2026\/01\/porta_agency_v-1024x563.jpg\" class=\"attachment-large size-large wp-image-178\" alt=\"\" srcset=\"https:\/\/porta-agency.com\/wp-content\/uploads\/2026\/01\/porta_agency_v-1024x563.jpg 1024w, https:\/\/porta-agency.com\/wp-content\/uploads\/2026\/01\/porta_agency_v-300x165.jpg 300w, https:\/\/porta-agency.com\/wp-content\/uploads\/2026\/01\/porta_agency_v-768x422.jpg 768w, https:\/\/porta-agency.com\/wp-content\/uploads\/2026\/01\/porta_agency_v-1536x845.jpg 1536w, https:\/\/porta-agency.com\/wp-content\/uploads\/2026\/01\/porta_agency_v.jpg 2000w\" sizes=\"(max-width: 800px) 100vw, 800px\" \/>\t\t\t\t\t\t\t\t\t\t\t\t\t\t\t<\/div>\n\t\t\t\t<\/div>\n\t\t\t\t<\/div>\n\t\t","protected":false},"excerpt":{"rendered":"<p>Korporata &amp; Zyra Siguroni mjedise t\u00eb pastra dhe profesionale p\u00ebr biznesin tuaj p\u00ebrmes nj\u00eb force pune t\u00eb p\u00ebrkushtuar, q\u00eb do ju b\u00ebj\u00eb t\u00eb harroni stresin e menaxhimit t\u00eb p\u00ebrditsh\u00ebm. Staf Pastrimi dhe Staf Sh\u00ebrbimi P\u00ebrzgjedhja jon\u00eb p\u00ebrfshin staf pastrimi dhe staf sh\u00ebrbimi dhe asistent\u00eb administrativ\u00eb, t\u00eb cil\u00ebt dallohen p\u00ebr disiplin\u00ebn, etik\u00ebn e lart\u00eb n\u00eb pun\u00eb [&hellip;]<\/p>\n","protected":false},"author":1,"featured_media":0,"parent":0,"menu_order":0,"comment_status":"closed","ping_status":"closed","template":"","meta":{"footnotes":""},"class_list":["post-348","page","type-page","status-publish","hentry"],"_links":{"self":[{"href":"https:\/\/porta-agency.com\/index.php?rest_route=\/wp\/v2\/pages\/348","targetHints":{"allow":["GET"]}}],"collection":[{"href":"https:\/\/porta-agency.com\/index.php?rest_route=\/wp\/v2\/pages"}],"about":[{"href":"https:\/\/porta-agency.com\/index.php?rest_route=\/wp\/v2\/types\/page"}],"author":[{"embeddable":true,"href":"https:\/\/porta-agency.com\/index.php?rest_route=\/wp\/v2\/users\/1"}],"replies":[{"embeddable":true,"href":"https:\/\/porta-agency.com\/index.php?rest_route=%2Fwp%2Fv2%2Fcomments&post=348"}],"version-history":[{"count":10,"href":"https:\/\/porta-agency.com\/index.php?rest_route=\/wp\/v2\/pages\/348\/revisions"}],"predecessor-version":[{"id":389,"href":"https:\/\/porta-agency.com\/index.php?rest_route=\/wp\/v2\/pages\/348\/revisions\/389"}],"wp:attachment":[{"href":"https:\/\/porta-agency.com\/index.php?rest_route=%2Fwp%2Fv2%2Fmedia&parent=348"}],"curies":[{"name":"wp","href":"https:\/\/api.w.org\/{rel}","templated":true}]}}