{"id":343,"date":"2026-02-04T09:52:27","date_gmt":"2026-02-04T09:52:27","guid":{"rendered":"https:\/\/porta-agency.com\/?page_id=343"},"modified":"2026-02-04T10:39:18","modified_gmt":"2026-02-04T10:39:18","slug":"klinika-dermoestetike-dhe-wellness","status":"publish","type":"page","link":"https:\/\/porta-agency.com\/?page_id=343","title":{"rendered":"Klinika Dermoestetike dhe Wellness"},"content":{"rendered":"\t\t<div data-elementor-type=\"wp-page\" data-elementor-id=\"343\" class=\"elementor elementor-343\">\n\t\t\t\t<div class=\"elementor-element elementor-element-143705e5 e-con-full e-flex e-con e-parent\" data-id=\"143705e5\" data-element_type=\"container\" data-e-type=\"container\">\n\t\t\t\t<div class=\"elementor-element elementor-element-72fd0f34 animated-fast elementor-invisible elementor-widget elementor-widget-flex-hero\" data-id=\"72fd0f34\" data-element_type=\"widget\" data-e-type=\"widget\" data-settings=\"{&quot;layout_preset&quot;:&quot;storytelling&quot;,&quot;primary_button_shape&quot;:&quot;round&quot;,&quot;_animation&quot;:&quot;fadeIn&quot;,&quot;_animation_delay&quot;:&quot;100&quot;,&quot;image_shape&quot;:&quot;sharp&quot;,&quot;box_shape&quot;:&quot;sharp&quot;}\" data-widget_type=\"flex-hero.default\">\n\t\t\t\t<div class=\"elementor-widget-container\">\n\t\t\t\t\t\t\t<div class=\"has-shape-sharp shape-type-box ehp-flex-hero has-layout-preset-storytelling\">\n\t\t\t\t\t\t<div class=\"ehp-flex-hero__overlay\"><\/div>\n\t\t\t<div class=\"ehp-flex-hero__content-container\">\n\t\t\t\t<p class=\"ehp-flex-hero__intro\">\n<\/p><h2 class=\"ehp-flex-hero__heading\">Klinika Dermoestetike <br>&amp; Wellness<\/h2><h3 class=\"ehp-flex-hero__subheading\">P\u00ebrmir\u00ebsoni eksperienc\u00ebn e klient\u00ebve tuaj me nj\u00eb staf t\u00eb kualifikuar,<br> i cili nd\u00ebrthur profesionalizmin teknik me etik\u00eb t\u00eb lart\u00eb pune.<\/h3>\t\t\t<div class=\"ehp-flex-hero__ctas-container\">\n\t\t\t\t\t\t\t\t\t\t\t<\/div>\n\t\t\t\t\t<\/div>\n\t\t\t\t<div class=\"ehp-flex-hero__image-wrapper\">\n\t\t\t\t\t<div class=\"ehp-image ehp-flex-hero__image-container\">\n\t\t\t\t<img decoding=\"async\" class=\"ehp-image__img ehp-flex-hero__img has-shape-sharp shape-type-image\" src=\"https:\/\/porta-agency.com\/wp-content\/uploads\/2026\/02\/Untitled-design-2026-02-04T113840.693.jpg\" title=\"Porta 3\" alt=\"Porta 3\" loading=\"lazy\" \/>\t\t\t<\/div>\n\t\t\t\t\t<\/div>\n\t\t\t\t<\/div>\n\t\t\t\t\t\t<\/div>\n\t\t\t\t<\/div>\n\t\t\t\t<\/div>\n\t\t<div class=\"elementor-element elementor-element-47ba7dba e-grid e-con-full animated-fast elementor-invisible e-con e-parent\" data-id=\"47ba7dba\" data-element_type=\"container\" data-e-type=\"container\" data-settings=\"{&quot;background_background&quot;:&quot;classic&quot;,&quot;animation&quot;:&quot;fadeIn&quot;,&quot;animation_delay&quot;:&quot;400&quot;}\">\n\t\t\t\t<div class=\"elementor-element elementor-element-34e42f89 elementor-hidden-mobile elementor-widget elementor-widget-image\" data-id=\"34e42f89\" data-element_type=\"widget\" data-e-type=\"widget\" data-widget_type=\"image.default\">\n\t\t\t\t\t\t\t\t\t\t\t\t\t\t\t<img fetchpriority=\"high\" decoding=\"async\" width=\"800\" height=\"800\" src=\"https:\/\/porta-agency.com\/wp-content\/uploads\/2026\/01\/porta_agency_nnn.jpg\" class=\"attachment-large size-large wp-image-187\" alt=\"\" srcset=\"https:\/\/porta-agency.com\/wp-content\/uploads\/2026\/01\/porta_agency_nnn.jpg 1000w, https:\/\/porta-agency.com\/wp-content\/uploads\/2026\/01\/porta_agency_nnn-300x300.jpg 300w, https:\/\/porta-agency.com\/wp-content\/uploads\/2026\/01\/porta_agency_nnn-150x150.jpg 150w, https:\/\/porta-agency.com\/wp-content\/uploads\/2026\/01\/porta_agency_nnn-768x768.jpg 768w\" sizes=\"(max-width: 800px) 100vw, 800px\" \/>\t\t\t\t\t\t\t\t\t\t\t\t\t\t\t<\/div>\n\t\t<div class=\"elementor-element elementor-element-4ee42c5b e-flex e-con-boxed e-con e-child\" data-id=\"4ee42c5b\" data-element_type=\"container\" data-e-type=\"container\">\n\t\t\t\t\t<div class=\"e-con-inner\">\n\t\t\t\t<div class=\"elementor-element elementor-element-11f214ca elementor-widget elementor-widget-heading\" data-id=\"11f214ca\" data-element_type=\"widget\" data-e-type=\"widget\" data-widget_type=\"heading.default\">\n\t\t\t\t\t<h3 class=\"elementor-heading-title elementor-size-default\">Terapist\u00eb, Sanitare<\/h3>\t\t\t\t<\/div>\n\t\t\t\t<div class=\"elementor-element elementor-element-1f619923 elementor-widget elementor-widget-text-editor\" data-id=\"1f619923\" data-element_type=\"widget\" data-e-type=\"widget\" data-widget_type=\"text-editor.default\">\n\t\t\t\t\t\t\t\t\t<p>N\u00eb fush\u00ebn ton\u00eb t\u00eb rekrutimit p\u00ebrfshihen <strong>terapist\u00eb masazhi<\/strong>, <strong>specialist\u00eb p\u00ebr terapi SPA, sanitare<\/strong> dhe <strong>Pedikyr\/Manikyr, sherbime SPA<\/strong>, t\u00eb p\u00ebrzgjedhur posa\u00e7\u00ebrisht p\u00ebr qet\u00ebsin\u00eb, sakt\u00ebsin\u00eb dhe qasjen e tyre t\u00eb kujdesshme ndaj \u00e7do vizitori.<\/p><p>Investoni n\u00eb nj\u00eb bashk\u00ebpunim t\u00eb q\u00ebndruesh\u00ebm q\u00eb garanton sh\u00ebrbim t\u00eb nivelit premium, higjien\u00eb t\u00eb rrept\u00eb dhe p\u00ebrkushtim maksimal ndaj relaksit dhe mir\u00ebqenies s\u00eb klient\u00ebve tuaj.<\/p>\t\t\t\t\t\t\t\t<\/div>\n\t\t\t\t\t<\/div>\n\t\t\t\t<\/div>\n\t\t\t\t<div class=\"elementor-element elementor-element-4e93b8a3 elementor-widget elementor-widget-image\" data-id=\"4e93b8a3\" data-element_type=\"widget\" data-e-type=\"widget\" data-widget_type=\"image.default\">\n\t\t\t\t\t\t\t\t\t\t\t\t\t\t\t<img decoding=\"async\" width=\"800\" height=\"800\" src=\"https:\/\/porta-agency.com\/wp-content\/uploads\/2026\/01\/porta_agency_c.jpg\" class=\"attachment-large size-large wp-image-169\" alt=\"\" srcset=\"https:\/\/porta-agency.com\/wp-content\/uploads\/2026\/01\/porta_agency_c.jpg 1000w, https:\/\/porta-agency.com\/wp-content\/uploads\/2026\/01\/porta_agency_c-300x300.jpg 300w, https:\/\/porta-agency.com\/wp-content\/uploads\/2026\/01\/porta_agency_c-150x150.jpg 150w, https:\/\/porta-agency.com\/wp-content\/uploads\/2026\/01\/porta_agency_c-768x768.jpg 768w\" sizes=\"(max-width: 800px) 100vw, 800px\" \/>\t\t\t\t\t\t\t\t\t\t\t\t\t\t\t<\/div>\n\t\t\t\t<div class=\"elementor-element elementor-element-371449bf e-transform animated-fast elementor-invisible elementor-widget elementor-widget-image\" data-id=\"371449bf\" data-element_type=\"widget\" data-e-type=\"widget\" data-settings=\"{&quot;_transform_flipX_effect&quot;:&quot;transform&quot;,&quot;_animation&quot;:&quot;fadeIn&quot;}\" data-widget_type=\"image.default\">\n\t\t\t\t\t\t\t\t\t\t\t\t\t\t\t<img decoding=\"async\" width=\"800\" height=\"440\" src=\"https:\/\/porta-agency.com\/wp-content\/uploads\/2026\/01\/porta_agency_v-1024x563.jpg\" class=\"attachment-large size-large wp-image-178\" alt=\"\" srcset=\"https:\/\/porta-agency.com\/wp-content\/uploads\/2026\/01\/porta_agency_v-1024x563.jpg 1024w, https:\/\/porta-agency.com\/wp-content\/uploads\/2026\/01\/porta_agency_v-300x165.jpg 300w, https:\/\/porta-agency.com\/wp-content\/uploads\/2026\/01\/porta_agency_v-768x422.jpg 768w, https:\/\/porta-agency.com\/wp-content\/uploads\/2026\/01\/porta_agency_v-1536x845.jpg 1536w, https:\/\/porta-agency.com\/wp-content\/uploads\/2026\/01\/porta_agency_v.jpg 2000w\" sizes=\"(max-width: 800px) 100vw, 800px\" \/>\t\t\t\t\t\t\t\t\t\t\t\t\t\t\t<\/div>\n\t\t\t\t<\/div>\n\t\t\t\t<\/div>\n\t\t","protected":false},"excerpt":{"rendered":"<p>Klinika Dermoestetike &amp; Wellness P\u00ebrmir\u00ebsoni eksperienc\u00ebn e klient\u00ebve tuaj me nj\u00eb staf t\u00eb kualifikuar, i cili nd\u00ebrthur profesionalizmin teknik me etik\u00eb t\u00eb lart\u00eb pune. Terapist\u00eb, Sanitare N\u00eb fush\u00ebn ton\u00eb t\u00eb rekrutimit p\u00ebrfshihen terapist\u00eb masazhi, specialist\u00eb p\u00ebr terapi SPA, sanitare dhe Pedikyr\/Manikyr, sherbime SPA, t\u00eb p\u00ebrzgjedhur posa\u00e7\u00ebrisht p\u00ebr qet\u00ebsin\u00eb, sakt\u00ebsin\u00eb dhe qasjen e tyre t\u00eb kujdesshme [&hellip;]<\/p>\n","protected":false},"author":1,"featured_media":0,"parent":0,"menu_order":0,"comment_status":"closed","ping_status":"closed","template":"","meta":{"footnotes":""},"class_list":["post-343","page","type-page","status-publish","hentry"],"_links":{"self":[{"href":"https:\/\/porta-agency.com\/index.php?rest_route=\/wp\/v2\/pages\/343","targetHints":{"allow":["GET"]}}],"collection":[{"href":"https:\/\/porta-agency.com\/index.php?rest_route=\/wp\/v2\/pages"}],"about":[{"href":"https:\/\/porta-agency.com\/index.php?rest_route=\/wp\/v2\/types\/page"}],"author":[{"embeddable":true,"href":"https:\/\/porta-agency.com\/index.php?rest_route=\/wp\/v2\/users\/1"}],"replies":[{"embeddable":true,"href":"https:\/\/porta-agency.com\/index.php?rest_route=%2Fwp%2Fv2%2Fcomments&post=343"}],"version-history":[{"count":7,"href":"https:\/\/porta-agency.com\/index.php?rest_route=\/wp\/v2\/pages\/343\/revisions"}],"predecessor-version":[{"id":380,"href":"https:\/\/porta-agency.com\/index.php?rest_route=\/wp\/v2\/pages\/343\/revisions\/380"}],"wp:attachment":[{"href":"https:\/\/porta-agency.com\/index.php?rest_route=%2Fwp%2Fv2%2Fmedia&parent=343"}],"curies":[{"name":"wp","href":"https:\/\/api.w.org\/{rel}","templated":true}]}}