{"id":333,"date":"2026-02-04T09:38:20","date_gmt":"2026-02-04T09:38:20","guid":{"rendered":"https:\/\/porta-agency.com\/?page_id=333"},"modified":"2026-02-04T10:34:42","modified_gmt":"2026-02-04T10:34:42","slug":"hoteleri-dhe-turizm","status":"publish","type":"page","link":"https:\/\/porta-agency.com\/?page_id=333","title":{"rendered":"Hoteleri dhe Turizm"},"content":{"rendered":"\t\t<div data-elementor-type=\"wp-page\" data-elementor-id=\"333\" class=\"elementor elementor-333\">\n\t\t\t\t<div class=\"elementor-element elementor-element-48e1fa43 e-con-full e-flex e-con e-parent\" data-id=\"48e1fa43\" data-element_type=\"container\" data-e-type=\"container\">\n\t\t\t\t<div class=\"elementor-element elementor-element-7a78e8ce animated-fast elementor-invisible elementor-widget elementor-widget-flex-hero\" data-id=\"7a78e8ce\" data-element_type=\"widget\" data-e-type=\"widget\" data-settings=\"{&quot;layout_preset&quot;:&quot;storytelling&quot;,&quot;primary_button_shape&quot;:&quot;round&quot;,&quot;_animation&quot;:&quot;fadeIn&quot;,&quot;_animation_delay&quot;:&quot;100&quot;,&quot;image_shape&quot;:&quot;sharp&quot;,&quot;box_shape&quot;:&quot;sharp&quot;}\" data-widget_type=\"flex-hero.default\">\n\t\t\t\t<div class=\"elementor-widget-container\">\n\t\t\t\t\t\t\t<div class=\"has-shape-sharp shape-type-box ehp-flex-hero has-layout-preset-storytelling\">\n\t\t\t\t\t\t<div class=\"ehp-flex-hero__overlay\"><\/div>\n\t\t\t<div class=\"ehp-flex-hero__content-container\">\n\t\t\t\t<p class=\"ehp-flex-hero__intro\">\n<\/p><h2 class=\"ehp-flex-hero__heading\">Hoteleri &amp; Turiz\u00ebm<\/h2><h3 class=\"ehp-flex-hero__subheading\">Lart\u00ebsoni standardin e mikpritjes n\u00eb hotele,<br> resorte, restorante apo SPA me staf t\u00eb kualifikuar q\u00eb shquhet p\u00ebr etik\u00eb t\u00eb lart\u00eb pune <br>dhe buz\u00ebqeshje t\u00eb p\u00ebrzem\u00ebrt. <\/h3>\t\t\t<div class=\"ehp-flex-hero__ctas-container\">\n\t\t\t\t\t\t\t\t\t\t\t<\/div>\n\t\t\t\t\t<\/div>\n\t\t\t\t<div class=\"ehp-flex-hero__image-wrapper\">\n\t\t\t\t\t<div class=\"ehp-image ehp-flex-hero__image-container\">\n\t\t\t\t<img decoding=\"async\" class=\"ehp-image__img ehp-flex-hero__img has-shape-sharp shape-type-image\" src=\"https:\/\/porta-agency.com\/wp-content\/uploads\/2026\/02\/Untitled-design-2026-02-04T113339.947.jpg\" title=\"porta 1\" alt=\"porta 1\" loading=\"lazy\" \/>\t\t\t<\/div>\n\t\t\t\t\t<\/div>\n\t\t\t\t<\/div>\n\t\t\t\t\t\t<\/div>\n\t\t\t\t<\/div>\n\t\t\t\t<\/div>\n\t\t<div class=\"elementor-element elementor-element-34e116f2 e-grid e-con-full animated-fast elementor-invisible e-con e-parent\" data-id=\"34e116f2\" data-element_type=\"container\" data-e-type=\"container\" data-settings=\"{&quot;background_background&quot;:&quot;classic&quot;,&quot;animation&quot;:&quot;fadeIn&quot;,&quot;animation_delay&quot;:&quot;400&quot;}\">\n\t\t\t\t<div class=\"elementor-element elementor-element-743de658 elementor-hidden-mobile elementor-widget elementor-widget-image\" data-id=\"743de658\" data-element_type=\"widget\" data-e-type=\"widget\" data-widget_type=\"image.default\">\n\t\t\t\t\t\t\t\t\t\t\t\t\t\t\t<img fetchpriority=\"high\" decoding=\"async\" width=\"800\" height=\"800\" src=\"https:\/\/porta-agency.com\/wp-content\/uploads\/2026\/01\/porta_agency_nnn.jpg\" class=\"attachment-large size-large wp-image-187\" alt=\"\" srcset=\"https:\/\/porta-agency.com\/wp-content\/uploads\/2026\/01\/porta_agency_nnn.jpg 1000w, https:\/\/porta-agency.com\/wp-content\/uploads\/2026\/01\/porta_agency_nnn-300x300.jpg 300w, https:\/\/porta-agency.com\/wp-content\/uploads\/2026\/01\/porta_agency_nnn-150x150.jpg 150w, https:\/\/porta-agency.com\/wp-content\/uploads\/2026\/01\/porta_agency_nnn-768x768.jpg 768w\" sizes=\"(max-width: 800px) 100vw, 800px\" \/>\t\t\t\t\t\t\t\t\t\t\t\t\t\t\t<\/div>\n\t\t<div class=\"elementor-element elementor-element-48322348 e-flex e-con-boxed e-con e-child\" data-id=\"48322348\" data-element_type=\"container\" data-e-type=\"container\">\n\t\t\t\t\t<div class=\"e-con-inner\">\n\t\t\t\t<div class=\"elementor-element elementor-element-6a16431f elementor-widget elementor-widget-heading\" data-id=\"6a16431f\" data-element_type=\"widget\" data-e-type=\"widget\" data-widget_type=\"heading.default\">\n\t\t\t\t\t<h3 class=\"elementor-heading-title elementor-size-default\">Staf?<\/h3>\t\t\t\t<\/div>\n\t\t\t\t<div class=\"elementor-element elementor-element-5f14b939 elementor-widget elementor-widget-text-editor\" data-id=\"5f14b939\" data-element_type=\"widget\" data-e-type=\"widget\" data-widget_type=\"text-editor.default\">\n\t\t\t\t\t\t\t\t\t<p>Ju ofrojm\u00eb zgjedhje p\u00ebr <strong>recepsionist\u00eb<\/strong>, <strong>kamarier\u00eb<\/strong>, <strong>staf kuzhine<\/strong>, <strong>mir\u00ebmbajtje, sanitare <\/strong>dhe <strong>sh\u00ebrbime teknike<\/strong> etj., t\u00eb gatsh\u00ebm p\u00ebr t\u2019u p\u00ebrshtatur me k\u00ebrkesat tuaja <strong>sezonale<\/strong> apo <strong>afatgjata<\/strong>.<\/p><p>Siguroni profesionaliz\u00ebm, p\u00ebrkushtim dhe nj\u00eb cil\u00ebsi konstante sh\u00ebrbimi q\u00eb tejkalon \u00e7do pritshm\u00ebri t\u00eb klient\u00ebve tuaj gjat\u00eb gjith\u00eb sezonit.<\/p>\t\t\t\t\t\t\t\t<\/div>\n\t\t\t\t\t<\/div>\n\t\t\t\t<\/div>\n\t\t\t\t<div class=\"elementor-element elementor-element-8c53c5d elementor-widget elementor-widget-image\" data-id=\"8c53c5d\" data-element_type=\"widget\" data-e-type=\"widget\" data-widget_type=\"image.default\">\n\t\t\t\t\t\t\t\t\t\t\t\t\t\t\t<img decoding=\"async\" width=\"800\" height=\"800\" src=\"https:\/\/porta-agency.com\/wp-content\/uploads\/2026\/01\/porta_agency_c.jpg\" class=\"attachment-large size-large wp-image-169\" alt=\"\" srcset=\"https:\/\/porta-agency.com\/wp-content\/uploads\/2026\/01\/porta_agency_c.jpg 1000w, https:\/\/porta-agency.com\/wp-content\/uploads\/2026\/01\/porta_agency_c-300x300.jpg 300w, https:\/\/porta-agency.com\/wp-content\/uploads\/2026\/01\/porta_agency_c-150x150.jpg 150w, https:\/\/porta-agency.com\/wp-content\/uploads\/2026\/01\/porta_agency_c-768x768.jpg 768w\" sizes=\"(max-width: 800px) 100vw, 800px\" \/>\t\t\t\t\t\t\t\t\t\t\t\t\t\t\t<\/div>\n\t\t\t\t<div class=\"elementor-element elementor-element-407067b0 e-transform animated-fast elementor-invisible elementor-widget elementor-widget-image\" data-id=\"407067b0\" data-element_type=\"widget\" data-e-type=\"widget\" data-settings=\"{&quot;_transform_flipX_effect&quot;:&quot;transform&quot;,&quot;_animation&quot;:&quot;fadeIn&quot;}\" data-widget_type=\"image.default\">\n\t\t\t\t\t\t\t\t\t\t\t\t\t\t\t<img decoding=\"async\" width=\"800\" height=\"440\" src=\"https:\/\/porta-agency.com\/wp-content\/uploads\/2026\/01\/porta_agency_v-1024x563.jpg\" class=\"attachment-large size-large wp-image-178\" alt=\"\" srcset=\"https:\/\/porta-agency.com\/wp-content\/uploads\/2026\/01\/porta_agency_v-1024x563.jpg 1024w, https:\/\/porta-agency.com\/wp-content\/uploads\/2026\/01\/porta_agency_v-300x165.jpg 300w, https:\/\/porta-agency.com\/wp-content\/uploads\/2026\/01\/porta_agency_v-768x422.jpg 768w, https:\/\/porta-agency.com\/wp-content\/uploads\/2026\/01\/porta_agency_v-1536x845.jpg 1536w, https:\/\/porta-agency.com\/wp-content\/uploads\/2026\/01\/porta_agency_v.jpg 2000w\" sizes=\"(max-width: 800px) 100vw, 800px\" \/>\t\t\t\t\t\t\t\t\t\t\t\t\t\t\t<\/div>\n\t\t\t\t<\/div>\n\t\t\t\t<\/div>\n\t\t","protected":false},"excerpt":{"rendered":"<p>Hoteleri &amp; Turiz\u00ebm Lart\u00ebsoni standardin e mikpritjes n\u00eb hotele, resorte, restorante apo SPA me staf t\u00eb kualifikuar q\u00eb shquhet p\u00ebr etik\u00eb t\u00eb lart\u00eb pune dhe buz\u00ebqeshje t\u00eb p\u00ebrzem\u00ebrt. Staf? Ju ofrojm\u00eb zgjedhje p\u00ebr recepsionist\u00eb, kamarier\u00eb, staf kuzhine, mir\u00ebmbajtje, sanitare dhe sh\u00ebrbime teknike etj., t\u00eb gatsh\u00ebm p\u00ebr t\u2019u p\u00ebrshtatur me k\u00ebrkesat tuaja sezonale apo afatgjata. Siguroni [&hellip;]<\/p>\n","protected":false},"author":1,"featured_media":0,"parent":0,"menu_order":0,"comment_status":"closed","ping_status":"closed","template":"","meta":{"footnotes":""},"class_list":["post-333","page","type-page","status-publish","hentry"],"_links":{"self":[{"href":"https:\/\/porta-agency.com\/index.php?rest_route=\/wp\/v2\/pages\/333","targetHints":{"allow":["GET"]}}],"collection":[{"href":"https:\/\/porta-agency.com\/index.php?rest_route=\/wp\/v2\/pages"}],"about":[{"href":"https:\/\/porta-agency.com\/index.php?rest_route=\/wp\/v2\/types\/page"}],"author":[{"embeddable":true,"href":"https:\/\/porta-agency.com\/index.php?rest_route=\/wp\/v2\/users\/1"}],"replies":[{"embeddable":true,"href":"https:\/\/porta-agency.com\/index.php?rest_route=%2Fwp%2Fv2%2Fcomments&post=333"}],"version-history":[{"count":7,"href":"https:\/\/porta-agency.com\/index.php?rest_route=\/wp\/v2\/pages\/333\/revisions"}],"predecessor-version":[{"id":372,"href":"https:\/\/porta-agency.com\/index.php?rest_route=\/wp\/v2\/pages\/333\/revisions\/372"}],"wp:attachment":[{"href":"https:\/\/porta-agency.com\/index.php?rest_route=%2Fwp%2Fv2%2Fmedia&parent=333"}],"curies":[{"name":"wp","href":"https:\/\/api.w.org\/{rel}","templated":true}]}}