{"id":28,"date":"2025-12-30T09:02:20","date_gmt":"2025-12-30T09:02:20","guid":{"rendered":"https:\/\/porta-agency.com\/?page_id=28"},"modified":"2026-02-03T10:05:55","modified_gmt":"2026-02-03T10:05:55","slug":"services","status":"publish","type":"page","link":"https:\/\/porta-agency.com\/?page_id=28","title":{"rendered":"Services"},"content":{"rendered":"\t\t<div data-elementor-type=\"wp-page\" data-elementor-id=\"28\" class=\"elementor elementor-28\">\n\t\t\t\t<div class=\"elementor-element elementor-element-1b386413 e-flex e-con-boxed elementor-invisible e-con e-parent\" data-id=\"1b386413\" data-element_type=\"container\" data-e-type=\"container\" data-settings=\"{&quot;animation&quot;:&quot;fadeIn&quot;}\">\n\t\t\t\t\t<div class=\"e-con-inner\">\n\t\t\t\t<div class=\"elementor-element elementor-element-5d844595 animated-fast elementor-invisible elementor-widget elementor-widget-flex-hero\" data-id=\"5d844595\" data-element_type=\"widget\" data-e-type=\"widget\" data-settings=\"{&quot;layout_preset&quot;:&quot;storytelling&quot;,&quot;primary_button_shape&quot;:&quot;round&quot;,&quot;_animation&quot;:&quot;fadeIn&quot;,&quot;_animation_delay&quot;:&quot;0&quot;,&quot;image_shape&quot;:&quot;sharp&quot;,&quot;box_shape&quot;:&quot;sharp&quot;}\" data-widget_type=\"flex-hero.default\">\n\t\t\t\t<div class=\"elementor-widget-container\">\n\t\t\t\t\t\t\t<div class=\"has-shape-sharp shape-type-box ehp-flex-hero has-layout-preset-storytelling\">\n\t\t\t\t\t\t<div class=\"ehp-flex-hero__overlay\"><\/div>\n\t\t\t<div class=\"ehp-flex-hero__content-container\">\n\t\t\t\t<h2 class=\"ehp-flex-hero__heading\">Sh\u00ebrbimet<\/h2><h3 class=\"ehp-flex-hero__subheading\">Ne p\u00ebrzgjedhim me kujdes \u00e7do kandidat, verifikojm\u00eb p\u00ebrvoj\u00ebn e tyre, zhvillojm\u00eb intervista dhe mb\u00ebshtesim t\u00eb dyja pal\u00ebt gjat\u00eb gjith\u00eb procesit. Qasja jon\u00eb siguron q\u00eb klient\u00ebt t\u00eb marrin staf t\u00eb besuesh\u00ebm, dhe kandidat\u00ebt t\u00eb marrin trajtim t\u00eb drejt\u00eb dhe udh\u00ebzimin e duhur<\/h3>\t\t\t<div class=\"ehp-flex-hero__ctas-container\">\n\t\t\t\t\t\t\t\t\t\t\t<\/div>\n\t\t\t\t\t<\/div>\n\t\t\t\t<div class=\"ehp-flex-hero__image-wrapper\">\n\t\t\t\t\t<div class=\"ehp-image ehp-flex-hero__image-container\">\n\t\t\t\t<img decoding=\"async\" class=\"ehp-image__img ehp-flex-hero__img has-shape-sharp shape-type-image\" src=\"https:\/\/porta-agency.com\/wp-content\/uploads\/2026\/01\/porta_agency_pp.jpg\" title=\"porta_agency_pp\" alt=\"porta_agency_pp\" loading=\"lazy\" \/>\t\t\t<\/div>\n\t\t\t\t\t<\/div>\n\t\t\t\t<\/div>\n\t\t\t\t\t\t<\/div>\n\t\t\t\t<\/div>\n\t\t\t\t\t<\/div>\n\t\t\t\t<\/div>\n\t\t<div class=\"elementor-element elementor-element-7ccfc5fc e-con-full animated-fast e-flex elementor-invisible e-con e-parent\" data-id=\"7ccfc5fc\" data-element_type=\"container\" data-e-type=\"container\" data-settings=\"{&quot;background_background&quot;:&quot;classic&quot;,&quot;animation&quot;:&quot;fadeIn&quot;,&quot;animation_delay&quot;:&quot;600&quot;}\">\n\t\t\t\t<div class=\"elementor-element elementor-element-1ef8a9ce elementor-widget elementor-widget-zigzag\" data-id=\"1ef8a9ce\" data-element_type=\"widget\" data-e-type=\"widget\" data-settings=\"{&quot;image_shape&quot;:&quot;sharp&quot;}\" data-widget_type=\"zigzag.default\">\n\t\t\t\t<div class=\"elementor-widget-container\">\n\t\t\t\t\t\t\t<div class=\"ehp-zigzag has-direction-start\">\n\t\t\t\t\t\t\t<div class=\"ehp-zigzag__item-wrapper\">\n\t\t\t\t\t<div class=\"ehp-zigzag__item-container\">\n\t\t\t\t\t\t\t\t<div class=\"ehp-zigzag__graphic-element-container has-image\">\n\t\t\t\t\t\t<div class=\"ehp-image ehp-zigzag__image-container\">\n\t\t\t\t<img decoding=\"async\" class=\"ehp-image__img ehp-zigzag__img has-shape-sharp shape-type-image\" src=\"https:\/\/porta-agency.com\/wp-content\/uploads\/2026\/01\/porta_agency_ssrvices.jpg\" title=\"porta_agency_ssrvices\" alt=\"porta_agency_ssrvices\" loading=\"lazy\" \/>\t\t\t<\/div>\n\t\t\t\t\t<\/div>\n\t\t\t\t<div class=\"ehp-zigzag__text-container is-graphic-image\">\n\t\t\t<h2 class=\"ehp-zigzag__title\">Dado dhe profesionist\u00eb t\u00eb kujdesit p\u00ebr f\u00ebmij\u00ebt<\/h2><p class=\"ehp-zigzag__description\">Dado &amp; Profesionist\u00eb p\u00ebr kujdesin e f\u00ebmij\u00ebve\nShtoni siguri n\u00eb rritjen e f\u00ebmij\u00ebve tuaj me stafin ton\u00eb t\u00eb kualifikuar. Ne p\u00ebrzgjedhim dado dhe edukator\u00eb q\u00eb ofrojn\u00eb kujdes t\u00eb v\u00ebmendsh\u00ebm dhe mb\u00ebshtetje n\u00eb zhvillimin e tyre. Nga aktivitetet e p\u00ebrditshme te krijimi i nj\u00eb mjedisi stimulues, ne sigurohemi q\u00eb \u00e7do kandidat t\u00eb jet\u00eb i verifikuar dhe i gatsh\u00ebm p\u00ebr t\u00eb krijuar nj\u00eb lidhje t\u00eb besueshme me familjen tuaj.\n\n<\/p>\t\t<\/div>\n\t\t\t\t\t\t\t<\/div>\n\t\t\t\t<\/div>\n\t\t\t\t\t\t\t\t<div class=\"ehp-zigzag__item-wrapper\">\n\t\t\t\t\t<div class=\"ehp-zigzag__item-container\">\n\t\t\t\t\t\t\t\t<div class=\"ehp-zigzag__graphic-element-container has-image\">\n\t\t\t\t\t\t<div class=\"ehp-image ehp-zigzag__image-container ehp-image ehp-zigzag__image-container\">\n\t\t\t\t<img decoding=\"async\" class=\"ehp-image__img ehp-zigzag__img has-shape-sharp shape-type-image\" src=\"https:\/\/porta-agency.com\/wp-content\/uploads\/2026\/01\/porta_agency_ssrvices1.jpg\" title=\"porta_agency_ssrvices1\" alt=\"porta_agency_ssrvices1\" loading=\"lazy\" \/>\t\t\t<\/div>\n\t\t\t\t\t<\/div>\n\t\t\t\t<div class=\"ehp-zigzag__text-container is-graphic-image\">\n\t\t\t<h2 class=\"ehp-zigzag__title\">Punonj\u00ebs sht\u00ebpie dhe mir\u00ebmbajt\u00ebs<\/h2><p class=\"ehp-zigzag__description\">Ne ofrojm\u00eb punonj\u00ebs sht\u00ebpie dhe mir\u00ebmbajt\u00ebs t\u00eb p\u00ebrzgjedhur me kujdes, t\u00eb trajnuar p\u00ebr t\u00eb garantuar past\u00ebrti, rregull dhe funksionim t\u00eb p\u00ebrditsh\u00ebm t\u00eb sht\u00ebpis\u00eb suaj. \u00c7do kandidat verifikohet p\u00ebr p\u00ebrvoj\u00eb, besueshm\u00ebri dhe etik\u00eb pune, duke siguruar sh\u00ebrbime profesionale dhe diskrete. Procesi jon\u00eb e strukturuar u jep familjeve qet\u00ebsi dhe siguri, nd\u00ebrsa stafi p\u00ebrfiton kushte t\u00eb drejta dhe mb\u00ebshtetje t\u00eb vazhdueshme.<\/p>\t\t<\/div>\n\t\t\t\t\t\t\t<\/div>\n\t\t\t\t<\/div>\n\t\t\t\t\t\t\t\t<div class=\"ehp-zigzag__item-wrapper\">\n\t\t\t\t\t<div class=\"ehp-zigzag__item-container\">\n\t\t\t\t\t\t\t\t<div class=\"ehp-zigzag__graphic-element-container has-image\">\n\t\t\t\t\t\t<div class=\"ehp-image ehp-zigzag__image-container ehp-image ehp-zigzag__image-container ehp-image ehp-zigzag__image-container\">\n\t\t\t\t<img decoding=\"async\" class=\"ehp-image__img ehp-zigzag__img has-shape-sharp shape-type-image\" src=\"https:\/\/porta-agency.com\/wp-content\/uploads\/2026\/01\/porta_agency_ll.jpg\" title=\"porta_agency_ll\" alt=\"porta_agency_ll\" loading=\"lazy\" \/>\t\t\t<\/div>\n\t\t\t\t\t<\/div>\n\t\t\t\t<div class=\"ehp-zigzag__text-container is-graphic-image\">\n\t\t\t<h2 class=\"ehp-zigzag__title\">Shoq\u00ebrues p\u00ebr t\u00eb moshuarit<\/h2><p class=\"ehp-zigzag__description\">Rritni stilin dhe funksionalitetin me rafte dhe elemente dollap\u00ebsh t\u00eb personalizuara.\nUn\u00eb projektoj dhe instaloj zgjidhje rafte t\u00eb realizuara sipas porosis\u00eb, t\u00eb integruara n\u00eb m\u00ebnyr\u00eb perfekte me ambientet tuaja, duke ofruar hap\u00ebsira praktike magazinimi pa kompromentuar estetik\u00ebn. Nga raftet \u201cfloating\u201d te nj\u00ebsit\u00eb e integruara n\u00eb mur, krijoj zgjidhje q\u00eb plot\u00ebsojn\u00eb n\u00eb m\u00ebnyr\u00eb ideale hap\u00ebsir\u00ebn tuaj.<\/p>\t\t<\/div>\n\t\t\t\t\t\t\t<\/div>\n\t\t\t\t<\/div>\n\t\t\t\t\t\t\t\t<div class=\"ehp-zigzag__item-wrapper\">\n\t\t\t\t\t<div class=\"ehp-zigzag__item-container\">\n\t\t\t\t\t\t\t\t<div class=\"ehp-zigzag__graphic-element-container has-image\">\n\t\t\t\t\t\t<div class=\"ehp-image ehp-zigzag__image-container ehp-image ehp-zigzag__image-container ehp-image ehp-zigzag__image-container ehp-image ehp-zigzag__image-container\">\n\t\t\t\t<img decoding=\"async\" class=\"ehp-image__img ehp-zigzag__img has-shape-sharp shape-type-image\" src=\"https:\/\/porta-agency.com\/wp-content\/uploads\/2026\/01\/porta_agency_zz.jpg\" title=\"porta_agency_zz\" alt=\"porta_agency_zz\" loading=\"lazy\" \/>\t\t\t<\/div>\n\t\t\t\t\t<\/div>\n\t\t\t\t<div class=\"ehp-zigzag__text-container is-graphic-image\">\n\t\t\t<h2 class=\"ehp-zigzag__title\">Staf mb\u00ebshtet\u00ebs p\u00ebr zyra dhe biznese<\/h2><p class=\"ehp-zigzag__description\">Shtoni nj\u00eb prekje elegance me instalime dekorative t\u00eb profileve dhe elementeve p\u00ebrfundimtare. Nga kornizat e tavanit (crown moulding) dhe veshjet e mureve (wainscoting), te bordurat e dyshemes\u00eb dhe kornizat e dyerve, siguroj instalim t\u00eb sakt\u00eb q\u00eb thekson karakterin arkitektonik t\u00eb ambientit tuaj. \u00c7do detaj matet dhe p\u00ebrshtatet me kujdes p\u00ebr t\u00eb krijuar nj\u00eb p\u00ebrfundim t\u00eb rafinuar dhe profesional.<\/p>\t\t<\/div>\n\t\t\t\t\t\t\t<\/div>\n\t\t\t\t<\/div>\n\t\t\t\t\t\t\t<\/div>\n\t\t\t\t\t\t<\/div>\n\t\t\t\t<\/div>\n\t\t\t\t<\/div>\n\t\t<div class=\"elementor-element elementor-element-3ea3c84d e-con-full e-flex e-con e-parent\" data-id=\"3ea3c84d\" data-element_type=\"container\" data-e-type=\"container\">\n\t\t\t\t<div class=\"elementor-element elementor-element-4f9260ac e-transform elementor-widget elementor-widget-image\" data-id=\"4f9260ac\" data-element_type=\"widget\" data-e-type=\"widget\" data-settings=\"{&quot;_transform_flipX_effect&quot;:&quot;transform&quot;}\" data-widget_type=\"image.default\">\n\t\t\t\t\t\t\t\t\t\t\t\t\t\t\t<img fetchpriority=\"high\" decoding=\"async\" width=\"2000\" height=\"1000\" src=\"https:\/\/porta-agency.com\/wp-content\/uploads\/2026\/01\/porta_agency_nn.jpg\" class=\"attachment-full size-full wp-image-182\" alt=\"\" srcset=\"https:\/\/porta-agency.com\/wp-content\/uploads\/2026\/01\/porta_agency_nn.jpg 2000w, https:\/\/porta-agency.com\/wp-content\/uploads\/2026\/01\/porta_agency_nn-300x150.jpg 300w, https:\/\/porta-agency.com\/wp-content\/uploads\/2026\/01\/porta_agency_nn-1024x512.jpg 1024w, https:\/\/porta-agency.com\/wp-content\/uploads\/2026\/01\/porta_agency_nn-768x384.jpg 768w, https:\/\/porta-agency.com\/wp-content\/uploads\/2026\/01\/porta_agency_nn-1536x768.jpg 1536w\" sizes=\"(max-width: 2000px) 100vw, 2000px\" \/>\t\t\t\t\t\t\t\t\t\t\t\t\t\t\t<\/div>\n\t\t\t\t<div class=\"elementor-element elementor-element-58e60192 elementor-widget__width-initial elementor-widget elementor-widget-text-editor\" data-id=\"58e60192\" data-element_type=\"widget\" data-e-type=\"widget\" data-widget_type=\"text-editor.default\">\n\t\t\t\t\t\t\t\t\t<h5>Ne punojm\u00eb gjithmon\u00eb ngusht\u00eb me klient\u00ebt tan\u00eb p\u00ebr t\u00eb gjetur zgjidhjen m\u00eb t\u00eb p\u00ebrshtatshme p\u00ebr \u00e7do nevoj\u00eb rekrutimi. Ja \u00e7far\u00eb thon\u00eb klient\u00ebt tan\u00eb p\u00ebr bashk\u00ebpunimet dhe p\u00ebrvojat e tyre me ne.<\/h5>\t\t\t\t\t\t\t\t<\/div>\n\t\t\t\t<\/div>\n\t\t<div class=\"elementor-element elementor-element-7918d6f2 e-con-full e-flex e-con e-parent\" data-id=\"7918d6f2\" data-element_type=\"container\" data-e-type=\"container\">\n\t\t\t\t<div class=\"elementor-element elementor-element-4a76f09c animated-fast elementor-invisible elementor-widget elementor-widget-cta\" data-id=\"4a76f09c\" data-element_type=\"widget\" data-e-type=\"widget\" data-settings=\"{&quot;primary_button_shape&quot;:&quot;round&quot;,&quot;secondary_button_shape&quot;:&quot;round&quot;,&quot;_animation&quot;:&quot;fadeIn&quot;,&quot;_animation_delay&quot;:&quot;100&quot;,&quot;layout_preset&quot;:&quot;streamline&quot;,&quot;cta_width_mobile&quot;:&quot;stretch&quot;,&quot;content_alignment&quot;:&quot;center&quot;,&quot;content_alignment_tablet&quot;:&quot;center&quot;,&quot;content_alignment_mobile&quot;:&quot;center&quot;,&quot;cta_width&quot;:&quot;default&quot;,&quot;cta_position&quot;:&quot;default&quot;,&quot;box_shape&quot;:&quot;sharp&quot;}\" data-widget_type=\"cta.default\">\n\t\t\t\t<div class=\"elementor-widget-container\">\n\t\t\t\t\t\t\t<div class=\"has-shape-sharp shape-type-box ehp-cta has-preset-streamline\">\n\t\t\t<div class=\"ehp-cta__overlay\"><\/div>\n\t\t\t<div class=\"ehp-cta__elements-container\">\n\t\t\t\t\t\t<div class=\"ehp-cta__text-container\">\n\t\t\t<h2 class=\"ehp-cta__heading\">Stafi i duhur ndryshon gjith\u00e7ka.<\/h2><p class=\"ehp-cta__description\">Besimi fillon me njer\u00ebzit e duhur. Ne ju ndihmojm\u00eb t\u2019i gjen<\/p>\t\t<\/div>\n\t\t\t\t\t<div class=\"ehp-cta__ctas-container has-cta-width-default has-cta-width-sm-stretch\">\n\t\t\t\t<div class=\"ehp-cta__buttons-wrapper\">\n\t\t\t\t\t\t\t<a class=\"has-shape-round shape-type-button ehp-button ehp-button--primary ehp-cta__button ehp-cta__button--primary is-type-button has-border\" href=\"http:\/\/+355%20689509984\" target=\"_blank\">\n\t\t\t<svg aria-hidden=\"true\" class=\"ehp-button__icon e-font-icon-svg e-fas-phone-alt\" 0=\"ehp-cta__button-icon\" viewBox=\"0 0 512 512\" xmlns=\"http:\/\/www.w3.org\/2000\/svg\"><path d=\"M497.39 361.8l-112-48a24 24 0 0 0-28 6.9l-49.6 60.6A370.66 370.66 0 0 1 130.6 204.11l60.6-49.6a23.94 23.94 0 0 0 6.9-28l-48-112A24.16 24.16 0 0 0 122.6.61l-104 24A24 24 0 0 0 0 48c0 256.5 207.9 464 464 464a24 24 0 0 0 23.4-18.6l24-104a24.29 24.29 0 0 0-14.01-27.6z\"><\/path><\/svg>\t\t<span class=\"ehp-button__text ehp-cta__button-text ehp-cta__button-text--primary\">\n\t\t\t+355 689509984\t\t\t\t<\/a>\n\t\t\t\t\t\t\t\t\t\t\t<\/div>\n\t\t\t<\/div>\n\t\t\t\t\t<\/div>\n\t\t<\/div>\n\t\t\t\t\t\t<\/div>\n\t\t\t\t<\/div>\n\t\t\t\t<\/div>\n\t\t\t\t<\/div>\n\t\t","protected":false},"excerpt":{"rendered":"<p>Sh\u00ebrbimet Ne p\u00ebrzgjedhim me kujdes \u00e7do kandidat, verifikojm\u00eb p\u00ebrvoj\u00ebn e tyre, zhvillojm\u00eb intervista dhe mb\u00ebshtesim t\u00eb dyja pal\u00ebt gjat\u00eb gjith\u00eb procesit. Qasja jon\u00eb siguron q\u00eb klient\u00ebt t\u00eb marrin staf t\u00eb besuesh\u00ebm, dhe kandidat\u00ebt t\u00eb marrin trajtim t\u00eb drejt\u00eb dhe udh\u00ebzimin e duhur Dado dhe profesionist\u00eb t\u00eb kujdesit p\u00ebr f\u00ebmij\u00ebt Dado &amp; Profesionist\u00eb p\u00ebr kujdesin e [&hellip;]<\/p>\n","protected":false},"author":1,"featured_media":0,"parent":0,"menu_order":0,"comment_status":"closed","ping_status":"closed","template":"elementor_header_footer","meta":{"footnotes":""},"class_list":["post-28","page","type-page","status-publish","hentry"],"_links":{"self":[{"href":"https:\/\/porta-agency.com\/index.php?rest_route=\/wp\/v2\/pages\/28","targetHints":{"allow":["GET"]}}],"collection":[{"href":"https:\/\/porta-agency.com\/index.php?rest_route=\/wp\/v2\/pages"}],"about":[{"href":"https:\/\/porta-agency.com\/index.php?rest_route=\/wp\/v2\/types\/page"}],"author":[{"embeddable":true,"href":"https:\/\/porta-agency.com\/index.php?rest_route=\/wp\/v2\/users\/1"}],"replies":[{"embeddable":true,"href":"https:\/\/porta-agency.com\/index.php?rest_route=%2Fwp%2Fv2%2Fcomments&post=28"}],"version-history":[{"count":37,"href":"https:\/\/porta-agency.com\/index.php?rest_route=\/wp\/v2\/pages\/28\/revisions"}],"predecessor-version":[{"id":296,"href":"https:\/\/porta-agency.com\/index.php?rest_route=\/wp\/v2\/pages\/28\/revisions\/296"}],"wp:attachment":[{"href":"https:\/\/porta-agency.com\/index.php?rest_route=%2Fwp%2Fv2%2Fmedia&parent=28"}],"curies":[{"name":"wp","href":"https:\/\/api.w.org\/{rel}","templated":true}]}}