{"id":23,"date":"2025-12-30T09:02:19","date_gmt":"2025-12-30T09:02:19","guid":{"rendered":"https:\/\/porta-agency.com\/?page_id=23"},"modified":"2026-02-03T10:52:45","modified_gmt":"2026-02-03T10:52:45","slug":"about","status":"publish","type":"page","link":"https:\/\/porta-agency.com\/?page_id=23","title":{"rendered":"About"},"content":{"rendered":"\t\t<div data-elementor-type=\"wp-page\" data-elementor-id=\"23\" class=\"elementor elementor-23\">\n\t\t\t\t<div class=\"elementor-element elementor-element-6decb26b e-con-full e-flex e-con e-parent\" data-id=\"6decb26b\" data-element_type=\"container\" data-e-type=\"container\">\n\t\t\t\t<div class=\"elementor-element elementor-element-58b74efb animated-fast elementor-invisible elementor-widget elementor-widget-flex-hero\" data-id=\"58b74efb\" data-element_type=\"widget\" data-e-type=\"widget\" data-settings=\"{&quot;layout_preset&quot;:&quot;storytelling&quot;,&quot;primary_button_shape&quot;:&quot;round&quot;,&quot;_animation&quot;:&quot;fadeIn&quot;,&quot;_animation_delay&quot;:&quot;100&quot;,&quot;image_shape&quot;:&quot;sharp&quot;,&quot;box_shape&quot;:&quot;sharp&quot;}\" data-widget_type=\"flex-hero.default\">\n\t\t\t\t<div class=\"elementor-widget-container\">\n\t\t\t\t\t\t\t<div class=\"has-shape-sharp shape-type-box ehp-flex-hero has-layout-preset-storytelling\">\n\t\t\t\t\t\t<div class=\"ehp-flex-hero__overlay\"><\/div>\n\t\t\t<div class=\"ehp-flex-hero__content-container\">\n\t\t\t\t<p class=\"ehp-flex-hero__intro\">\n<\/p><h2 class=\"ehp-flex-hero__heading\">Porta<\/h2><h3 class=\"ehp-flex-hero__subheading\">Porta \u00ebsht\u00eb nj\u00eb agjenci rekrutimi q\u00eb lidh profesionist\u00eb t\u00eb kualifikuar me pun\u00ebdh\u00ebn\u00ebs t\u00eb besuesh\u00ebm.<br>\nNe jemi dera drejt marr\u00ebdh\u00ebnieve t\u00eb pun\u00ebs afatgjata, t\u00eb respektueshme dhe t\u00eb q\u00ebndrueshme.<\/h3>\t\t\t<div class=\"ehp-flex-hero__ctas-container\">\n\t\t\t\t\t\t\t\t\t\t\t<\/div>\n\t\t\t\t\t<\/div>\n\t\t\t\t<div class=\"ehp-flex-hero__image-wrapper\">\n\t\t\t\t\t<div class=\"ehp-image ehp-flex-hero__image-container\">\n\t\t\t\t<img decoding=\"async\" class=\"ehp-image__img ehp-flex-hero__img has-shape-sharp shape-type-image\" src=\"https:\/\/porta-agency.com\/wp-content\/uploads\/2026\/01\/porta_agency_b.jpg\" title=\"porta_agency_b\" alt=\"porta_agency_b\" loading=\"lazy\" \/>\t\t\t<\/div>\n\t\t\t\t\t<\/div>\n\t\t\t\t<\/div>\n\t\t\t\t\t\t<\/div>\n\t\t\t\t<\/div>\n\t\t\t\t<\/div>\n\t\t<div class=\"elementor-element elementor-element-e16d95e e-grid e-con-full animated-fast elementor-invisible e-con e-parent\" data-id=\"e16d95e\" data-element_type=\"container\" data-e-type=\"container\" data-settings=\"{&quot;background_background&quot;:&quot;classic&quot;,&quot;animation&quot;:&quot;fadeIn&quot;,&quot;animation_delay&quot;:&quot;400&quot;}\">\n\t\t\t\t<div class=\"elementor-element elementor-element-f1b2b7e elementor-hidden-mobile elementor-widget elementor-widget-image\" data-id=\"f1b2b7e\" data-element_type=\"widget\" data-e-type=\"widget\" data-widget_type=\"image.default\">\n\t\t\t\t\t\t\t\t\t\t\t\t\t\t\t<img fetchpriority=\"high\" decoding=\"async\" width=\"800\" height=\"800\" src=\"https:\/\/porta-agency.com\/wp-content\/uploads\/2026\/01\/porta_agency_nnn.jpg\" class=\"attachment-large size-large wp-image-187\" alt=\"\" srcset=\"https:\/\/porta-agency.com\/wp-content\/uploads\/2026\/01\/porta_agency_nnn.jpg 1000w, https:\/\/porta-agency.com\/wp-content\/uploads\/2026\/01\/porta_agency_nnn-300x300.jpg 300w, https:\/\/porta-agency.com\/wp-content\/uploads\/2026\/01\/porta_agency_nnn-150x150.jpg 150w, https:\/\/porta-agency.com\/wp-content\/uploads\/2026\/01\/porta_agency_nnn-768x768.jpg 768w\" sizes=\"(max-width: 800px) 100vw, 800px\" \/>\t\t\t\t\t\t\t\t\t\t\t\t\t\t\t<\/div>\n\t\t<div class=\"elementor-element elementor-element-2196e32c e-flex e-con-boxed e-con e-child\" data-id=\"2196e32c\" data-element_type=\"container\" data-e-type=\"container\">\n\t\t\t\t\t<div class=\"e-con-inner\">\n\t\t\t\t<div class=\"elementor-element elementor-element-56248b37 elementor-widget elementor-widget-heading\" data-id=\"56248b37\" data-element_type=\"widget\" data-e-type=\"widget\" data-widget_type=\"heading.default\">\n\t\t\t\t\t<h3 class=\"elementor-heading-title elementor-size-default\">Kush jemi ne?<\/h3>\t\t\t\t<\/div>\n\t\t\t\t<div class=\"elementor-element elementor-element-6bffe0d6 elementor-widget elementor-widget-text-editor\" data-id=\"6bffe0d6\" data-element_type=\"widget\" data-e-type=\"widget\" data-widget_type=\"text-editor.default\">\n\t\t\t\t\t\t\t\t\t<div class=\"flex flex-col text-sm pb-25\"><article class=\"text-token-text-primary w-full focus:outline-none [--shadow-height:45px] has-data-writing-block:pointer-events-none has-data-writing-block:-mt-(--shadow-height) has-data-writing-block:pt-(--shadow-height) [&amp;:has([data-writing-block])&gt;*]:pointer-events-auto scroll-mt-[calc(var(--header-height)+min(200px,max(70px,20svh)))]\" dir=\"auto\" tabindex=\"-1\" data-turn-id=\"9679218b-8074-4ac1-a107-6c7e1e99a909\" data-testid=\"conversation-turn-104\" data-scroll-anchor=\"true\" data-turn=\"assistant\"><div class=\"text-base my-auto mx-auto pb-10 [--thread-content-margin:--spacing(4)] @w-sm\/main:[--thread-content-margin:--spacing(6)] @w-lg\/main:[--thread-content-margin:--spacing(16)] px-(--thread-content-margin)\"><div class=\"[--thread-content-max-width:40rem] @w-lg\/main:[--thread-content-max-width:48rem] mx-auto max-w-(--thread-content-max-width) flex-1 group\/turn-messages focus-visible:outline-hidden relative flex w-full min-w-0 flex-col agent-turn\" tabindex=\"-1\"><div class=\"flex max-w-full flex-col grow\"><div class=\"min-h-8 text-message relative flex w-full flex-col items-end gap-2 text-start break-words whitespace-normal [.text-message+&amp;]:mt-1\" dir=\"auto\" data-message-author-role=\"assistant\" data-message-id=\"8767088e-5f82-40ac-914a-a050bb3397b5\" data-message-model-slug=\"gpt-5-2\"><div class=\"flex w-full flex-col gap-1 empty:hidden first:pt-[1px]\"><div class=\"markdown prose dark:prose-invert w-full wrap-break-word light markdown-new-styling\"><p data-start=\"0\" data-end=\"317\">Porta \u00ebsht\u00eb nj\u00eb agjenci profesionale rekrutimi, e p\u00ebrkushtuar n\u00eb lidhjen e stafit t\u00eb kualifikuar, t\u00eb p\u00ebrgjegjsh\u00ebm dhe me p\u00ebrvoj\u00eb me familje dhe biznese n\u00eb t\u00eb gjith\u00eb Evrop\u00ebn.<br data-start=\"173\" data-end=\"176\" \/>Emri yn\u00eb do t\u00eb thot\u00eb \u201cder\u00eb\u201d, sepse ne hapim der\u00ebn drejt marr\u00ebdh\u00ebnieve t\u00eb besueshme t\u00eb pun\u00ebs\u2014t\u00eb nd\u00ebrtuara mbi besim, transparenc\u00eb dhe respekt.<\/p><p data-start=\"319\" data-end=\"555\" data-is-last-node=\"\" data-is-only-node=\"\">Ne besojm\u00eb se \u00e7do familje dhe \u00e7do biznes meriton staf tek i cili mund t\u00eb mb\u00ebshtetet, dhe se \u00e7do punonj\u00ebs meriton nj\u00eb mund\u00ebsi t\u00eb sigurt, t\u00eb drejt\u00eb dhe profesionale.<br data-start=\"482\" data-end=\"485\" \/>Roli yn\u00eb \u00ebsht\u00eb t\u00eb q\u00ebndrojm\u00eb n\u00eb mes dhe ta b\u00ebjm\u00eb k\u00ebt\u00eb lidhje t\u00eb mundur.<\/p><\/div><\/div><\/div><\/div><div class=\"z-0 flex min-h-[46px] justify-start\">\u00a0<\/div><div class=\"mt-3 w-full empty:hidden\"><div class=\"text-center\">\u00a0<\/div><\/div><\/div><\/div><\/article><\/div><div class=\"pointer-events-none h-px w-px absolute bottom-0\" aria-hidden=\"true\" data-edge=\"true\">\u00a0<\/div>\t\t\t\t\t\t\t\t<\/div>\n\t\t\t\t\t<\/div>\n\t\t\t\t<\/div>\n\t\t\t\t<div class=\"elementor-element elementor-element-6f8eca5b elementor-widget elementor-widget-image\" data-id=\"6f8eca5b\" data-element_type=\"widget\" data-e-type=\"widget\" data-widget_type=\"image.default\">\n\t\t\t\t\t\t\t\t\t\t\t\t\t\t\t<img decoding=\"async\" width=\"800\" height=\"800\" src=\"https:\/\/porta-agency.com\/wp-content\/uploads\/2026\/01\/porta_agency_c.jpg\" class=\"attachment-large size-large wp-image-169\" alt=\"\" srcset=\"https:\/\/porta-agency.com\/wp-content\/uploads\/2026\/01\/porta_agency_c.jpg 1000w, https:\/\/porta-agency.com\/wp-content\/uploads\/2026\/01\/porta_agency_c-300x300.jpg 300w, https:\/\/porta-agency.com\/wp-content\/uploads\/2026\/01\/porta_agency_c-150x150.jpg 150w, https:\/\/porta-agency.com\/wp-content\/uploads\/2026\/01\/porta_agency_c-768x768.jpg 768w\" sizes=\"(max-width: 800px) 100vw, 800px\" \/>\t\t\t\t\t\t\t\t\t\t\t\t\t\t\t<\/div>\n\t\t\t\t<div class=\"elementor-element elementor-element-112834b e-transform animated-fast elementor-invisible elementor-widget elementor-widget-image\" data-id=\"112834b\" data-element_type=\"widget\" data-e-type=\"widget\" data-settings=\"{&quot;_transform_flipX_effect&quot;:&quot;transform&quot;,&quot;_animation&quot;:&quot;fadeIn&quot;}\" data-widget_type=\"image.default\">\n\t\t\t\t\t\t\t\t\t\t\t\t\t\t\t<img decoding=\"async\" width=\"800\" height=\"440\" src=\"https:\/\/porta-agency.com\/wp-content\/uploads\/2026\/01\/porta_agency_v-1024x563.jpg\" class=\"attachment-large size-large wp-image-178\" alt=\"\" srcset=\"https:\/\/porta-agency.com\/wp-content\/uploads\/2026\/01\/porta_agency_v-1024x563.jpg 1024w, https:\/\/porta-agency.com\/wp-content\/uploads\/2026\/01\/porta_agency_v-300x165.jpg 300w, https:\/\/porta-agency.com\/wp-content\/uploads\/2026\/01\/porta_agency_v-768x422.jpg 768w, https:\/\/porta-agency.com\/wp-content\/uploads\/2026\/01\/porta_agency_v-1536x845.jpg 1536w, https:\/\/porta-agency.com\/wp-content\/uploads\/2026\/01\/porta_agency_v.jpg 2000w\" sizes=\"(max-width: 800px) 100vw, 800px\" \/>\t\t\t\t\t\t\t\t\t\t\t\t\t\t\t<\/div>\n\t\t\t\t<\/div>\n\t\t<div class=\"elementor-element elementor-element-27f224d5 e-grid e-con-full animated-fast e-con e-parent\" data-id=\"27f224d5\" data-element_type=\"container\" data-e-type=\"container\" data-settings=\"{&quot;background_background&quot;:&quot;classic&quot;,&quot;animation&quot;:&quot;none&quot;,&quot;animation_delay&quot;:&quot;400&quot;}\">\n\t\t<div class=\"elementor-element elementor-element-66f53a29 e-con-full animated-fast e-flex elementor-invisible e-con e-child\" data-id=\"66f53a29\" data-element_type=\"container\" data-e-type=\"container\" data-settings=\"{&quot;animation&quot;:&quot;fadeIn&quot;}\">\n\t\t\t\t<div class=\"elementor-element elementor-element-1ac03ed9 elementor-widget elementor-widget-heading\" data-id=\"1ac03ed9\" data-element_type=\"widget\" data-e-type=\"widget\" data-widget_type=\"heading.default\">\n\t\t\t\t\t<h3 class=\"elementor-heading-title elementor-size-default\">Misioni &amp; Vizioni yn\u00eb<\/h3>\t\t\t\t<\/div>\n\t\t\t\t<div class=\"elementor-element elementor-element-70223c8 elementor-widget elementor-widget-text-editor\" data-id=\"70223c8\" data-element_type=\"widget\" data-e-type=\"widget\" data-widget_type=\"text-editor.default\">\n\t\t\t\t\t\t\t\t\t<p>\n<strong>Misioni yn\u00eb<\/strong> \u00ebsht\u00eb t\u00eb ofrojm\u00eb sh\u00ebrbime rekrutimi etike, cil\u00ebsore dhe transparente, q\u00eb ua leht\u00ebsojn\u00eb jet\u00ebn familjeve dhe bizneseve, duke krijuar nj\u00ebkoh\u00ebsisht mund\u00ebsi dinjitoze dhe afatgjata p\u00ebr punonj\u00ebsit nd\u00ebrkomb\u00ebtar\u00eb.\nNe fokusohemi te ndershm\u00ebria, qart\u00ebsia dhe procese t\u00eb rrjedhshme \u2014 nga kontakti i par\u00eb deri te vendosja p\u00ebrfundimtare.\n<\/p>\n\n<p>\n<strong>Vizioni yn\u00eb<\/strong> \u00ebsht\u00eb t\u00eb b\u00ebhemi nj\u00eb nga partner\u00ebt m\u00eb t\u00eb besuesh\u00ebm t\u00eb rekrutimit n\u00eb Evrop\u00eb p\u00ebr zgjidhje stafimi n\u00eb sh\u00ebrbime sht\u00ebpiake, kujdes p\u00ebr f\u00ebmij\u00ebt, mb\u00ebshtetje biznesi dhe kujdes p\u00ebr t\u00eb moshuarit \u2014 t\u00eb njohur p\u00ebr profesionaliz\u00ebm, drejt\u00ebsi dhe vlera t\u00eb forta njer\u00ebzore.\n<\/p>\n\n<p>\nNe synojm\u00eb t\u00eb krijojm\u00eb nj\u00eb bot\u00eb ku rekrutimi \u00ebsht\u00eb i thjesht\u00eb, i respektuesh\u00ebm dhe p\u00ebrfitues p\u00ebr t\u00eb dyja pal\u00ebt.\n<\/p>\t\t\t\t\t\t\t\t<\/div>\n\t\t\t\t<div class=\"elementor-element elementor-element-277f6bd7 elementor-align-center elementor-widget elementor-widget-button\" data-id=\"277f6bd7\" data-element_type=\"widget\" data-e-type=\"widget\" data-widget_type=\"button.default\">\n\t\t\t\t\t\t\t\t\t\t<a class=\"elementor-button elementor-button-link elementor-size-sm\" href=\"https:\/\/porta-agency.com\/?page_id=28\">\n\t\t\t\t\t\t<span class=\"elementor-button-content-wrapper\">\n\t\t\t\t\t\t\t\t\t<span class=\"elementor-button-text\">Sh\u00ebrbimet tona!<\/span>\n\t\t\t\t\t<\/span>\n\t\t\t\t\t<\/a>\n\t\t\t\t\t\t\t\t<\/div>\n\t\t\t\t<\/div>\n\t\t\t\t<div class=\"elementor-element elementor-element-4af77e89 animated-fast elementor-invisible elementor-widget elementor-widget-image\" data-id=\"4af77e89\" data-element_type=\"widget\" data-e-type=\"widget\" data-settings=\"{&quot;_animation&quot;:&quot;fadeIn&quot;}\" data-widget_type=\"image.default\">\n\t\t\t\t\t\t\t\t\t\t\t\t\t\t\t<img loading=\"lazy\" decoding=\"async\" width=\"800\" height=\"800\" src=\"https:\/\/porta-agency.com\/wp-content\/uploads\/2026\/01\/porta_agency_a.jpg\" class=\"attachment-large size-large wp-image-167\" alt=\"\" srcset=\"https:\/\/porta-agency.com\/wp-content\/uploads\/2026\/01\/porta_agency_a.jpg 1000w, https:\/\/porta-agency.com\/wp-content\/uploads\/2026\/01\/porta_agency_a-300x300.jpg 300w, https:\/\/porta-agency.com\/wp-content\/uploads\/2026\/01\/porta_agency_a-150x150.jpg 150w, https:\/\/porta-agency.com\/wp-content\/uploads\/2026\/01\/porta_agency_a-768x768.jpg 768w\" sizes=\"(max-width: 800px) 100vw, 800px\" \/>\t\t\t\t\t\t\t\t\t\t\t\t\t\t\t<\/div>\n\t\t\t\t<\/div>\n\t\t<div class=\"elementor-element elementor-element-5285d7ba e-con-full e-flex e-con e-parent\" data-id=\"5285d7ba\" data-element_type=\"container\" data-e-type=\"container\">\n\t\t\t\t<div class=\"elementor-element elementor-element-566ff9fd animated-fast elementor-invisible elementor-widget elementor-widget-cta\" data-id=\"566ff9fd\" data-element_type=\"widget\" data-e-type=\"widget\" data-settings=\"{&quot;primary_button_shape&quot;:&quot;round&quot;,&quot;secondary_button_shape&quot;:&quot;round&quot;,&quot;_animation&quot;:&quot;fadeIn&quot;,&quot;_animation_delay&quot;:&quot;100&quot;,&quot;layout_preset&quot;:&quot;streamline&quot;,&quot;cta_width_mobile&quot;:&quot;stretch&quot;,&quot;content_alignment&quot;:&quot;center&quot;,&quot;content_alignment_tablet&quot;:&quot;center&quot;,&quot;content_alignment_mobile&quot;:&quot;center&quot;,&quot;cta_width&quot;:&quot;default&quot;,&quot;cta_position&quot;:&quot;default&quot;,&quot;box_shape&quot;:&quot;sharp&quot;}\" data-widget_type=\"cta.default\">\n\t\t\t\t<div class=\"elementor-widget-container\">\n\t\t\t\t\t\t\t<div class=\"has-shape-sharp shape-type-box ehp-cta has-preset-streamline\">\n\t\t\t<div class=\"ehp-cta__overlay\"><\/div>\n\t\t\t<div class=\"ehp-cta__elements-container\">\n\t\t\t\t\t\t<div class=\"ehp-cta__text-container\">\n\t\t\t<h2 class=\"ehp-cta__heading\">Porta \u00ebsht\u00eb nj\u00eb agjenci profesionale rekrutimi<\/h2><p class=\"ehp-cta__description\">Ne hapim der\u00ebn drejt marr\u00ebdh\u00ebnieve t\u00eb besueshme t\u00eb pun\u00ebs <br> t\u00eb nd\u00ebrtuara mbi besim, transparenc\u00eb dhe respekt.<\/p>\t\t<\/div>\n\t\t\t\t\t<div class=\"ehp-cta__ctas-container has-cta-width-default has-cta-width-sm-stretch\">\n\t\t\t\t<div class=\"ehp-cta__buttons-wrapper\">\n\t\t\t\t\t\t\t<a class=\"has-shape-round shape-type-button ehp-button ehp-button--primary ehp-cta__button ehp-cta__button--primary is-type-button has-border\" href=\"tel:+355%20689509984\" target=\"_blank\">\n\t\t\t<svg aria-hidden=\"true\" class=\"ehp-button__icon e-font-icon-svg e-fas-phone-alt\" 0=\"ehp-cta__button-icon\" viewBox=\"0 0 512 512\" xmlns=\"http:\/\/www.w3.org\/2000\/svg\"><path d=\"M497.39 361.8l-112-48a24 24 0 0 0-28 6.9l-49.6 60.6A370.66 370.66 0 0 1 130.6 204.11l60.6-49.6a23.94 23.94 0 0 0 6.9-28l-48-112A24.16 24.16 0 0 0 122.6.61l-104 24A24 24 0 0 0 0 48c0 256.5 207.9 464 464 464a24 24 0 0 0 23.4-18.6l24-104a24.29 24.29 0 0 0-14.01-27.6z\"><\/path><\/svg>\t\t<span class=\"ehp-button__text ehp-cta__button-text ehp-cta__button-text--primary\">\n\t\t\ttel:+355 689509984\t\t\t\t<\/a>\n\t\t\t\t\t\t\t\t\t<a class=\"has-shape-round shape-type-button ehp-button ehp-button--secondary ehp-cta__button ehp-cta__button--secondary is-type-button has-border\" href=\"https:\/\/porta-agency.com\/?page_id=28\">\n\t\t\t\t\t<span class=\"ehp-button__text ehp-cta__button-text ehp-cta__button-text--secondary\">\n\t\t\tSherbimet tona!\t\t\t\t<\/a>\n\t\t\t\t\t\t<\/div>\n\t\t\t<\/div>\n\t\t\t\t\t<\/div>\n\t\t<\/div>\n\t\t\t\t\t\t<\/div>\n\t\t\t\t<\/div>\n\t\t\t\t<\/div>\n\t\t\t\t<\/div>\n\t\t","protected":false},"excerpt":{"rendered":"<p>Porta Porta \u00ebsht\u00eb nj\u00eb agjenci rekrutimi q\u00eb lidh profesionist\u00eb t\u00eb kualifikuar me pun\u00ebdh\u00ebn\u00ebs t\u00eb besuesh\u00ebm. Ne jemi dera drejt marr\u00ebdh\u00ebnieve t\u00eb pun\u00ebs afatgjata, t\u00eb respektueshme dhe t\u00eb q\u00ebndrueshme. Kush jemi ne? Porta \u00ebsht\u00eb nj\u00eb agjenci profesionale rekrutimi, e p\u00ebrkushtuar n\u00eb lidhjen e stafit t\u00eb kualifikuar, t\u00eb p\u00ebrgjegjsh\u00ebm dhe me p\u00ebrvoj\u00eb me familje dhe biznese n\u00eb [&hellip;]<\/p>\n","protected":false},"author":1,"featured_media":0,"parent":0,"menu_order":0,"comment_status":"closed","ping_status":"closed","template":"elementor_header_footer","meta":{"footnotes":""},"class_list":["post-23","page","type-page","status-publish","hentry"],"_links":{"self":[{"href":"https:\/\/porta-agency.com\/index.php?rest_route=\/wp\/v2\/pages\/23","targetHints":{"allow":["GET"]}}],"collection":[{"href":"https:\/\/porta-agency.com\/index.php?rest_route=\/wp\/v2\/pages"}],"about":[{"href":"https:\/\/porta-agency.com\/index.php?rest_route=\/wp\/v2\/types\/page"}],"author":[{"embeddable":true,"href":"https:\/\/porta-agency.com\/index.php?rest_route=\/wp\/v2\/users\/1"}],"replies":[{"embeddable":true,"href":"https:\/\/porta-agency.com\/index.php?rest_route=%2Fwp%2Fv2%2Fcomments&post=23"}],"version-history":[{"count":31,"href":"https:\/\/porta-agency.com\/index.php?rest_route=\/wp\/v2\/pages\/23\/revisions"}],"predecessor-version":[{"id":311,"href":"https:\/\/porta-agency.com\/index.php?rest_route=\/wp\/v2\/pages\/23\/revisions\/311"}],"wp:attachment":[{"href":"https:\/\/porta-agency.com\/index.php?rest_route=%2Fwp%2Fv2%2Fmedia&parent=23"}],"curies":[{"name":"wp","href":"https:\/\/api.w.org\/{rel}","templated":true}]}}